{"id":1013,"date":"2012-04-28T11:01:54","date_gmt":"2012-04-28T11:01:54","guid":{"rendered":"http:\/\/www.ulusiada.pt\/clima\/?page_id=1013"},"modified":"2012-04-28T11:01:54","modified_gmt":"2012-04-28T11:01:54","slug":"lei-da-apelacao","status":"publish","type":"page","link":"https:\/\/www.ulusiada.pt\/clima\/ius-proprium-leis-gerais\/d-afonso-iv\/lei-da-apelacao\/","title":{"rendered":"Lei da apela\u00e7\u00e3o"},"content":{"rendered":"<p>Dos feitos que forem \u00e0 Corte em apela\u00e7\u00e3o.<\/p>\n","protected":false},"excerpt":{"rendered":"<p>Dos feitos que forem \u00e0 Corte em apela\u00e7\u00e3o.<\/p>\n","protected":false},"author":1,"featured_media":0,"parent":99,"menu_order":7,"comment_status":"closed","ping_status":"open","template":"lei-page.php","meta":[],"acf":[],"_links":{"self":[{"href":"https:\/\/www.ulusiada.pt\/clima\/wp-json\/wp\/v2\/pages\/1013"}],"collection":[{"href":"https:\/\/www.ulusiada.pt\/clima\/wp-json\/wp\/v2\/pages"}],"about":[{"href":"https:\/\/www.ulusiada.pt\/clima\/wp-json\/wp\/v2\/types\/page"}],"author":[{"embeddable":true,"href":"https:\/\/www.ulusiada.pt\/clima\/wp-json\/wp\/v2\/users\/1"}],"replies":[{"embeddable":true,"href":"https:\/\/www.ulusiada.pt\/clima\/wp-json\/wp\/v2\/comments?post=1013"}],"version-history":[{"count":2,"href":"https:\/\/www.ulusiada.pt\/clima\/wp-json\/wp\/v2\/pages\/1013\/revisions"}],"predecessor-version":[{"id":1015,"href":"https:\/\/www.ulusiada.pt\/clima\/wp-json\/wp\/v2\/pages\/1013\/revisions\/1015"}],"up":[{"embeddable":true,"href":"https:\/\/www.ulusiada.pt\/clima\/wp-json\/wp\/v2\/pages\/99"}],"wp:attachment":[{"href":"https:\/\/www.ulusiada.pt\/clima\/wp-json\/wp\/v2\/media?parent=1013"}],"curies":[{"name":"wp","href":"https:\/\/api.w.org\/{rel}","templated":true}]}}