{"id":102,"date":"2012-03-06T12:36:04","date_gmt":"2012-03-06T12:36:04","guid":{"rendered":"http:\/\/www.ulusiada.pt\/clima\/?page_id=102"},"modified":"2012-10-09T16:26:20","modified_gmt":"2012-10-09T16:26:20","slug":"d-pedro-i","status":"publish","type":"page","link":"https:\/\/www.ulusiada.pt\/clima\/ius-proprium-leis-gerais\/d-pedro-i\/","title":{"rendered":"D. Pedro I (1357-1367)"},"content":{"rendered":"<p><a href=\"http:\/\/www.ulusiada.pt\/clima\/wp-content\/uploads\/2012\/03\/01_pedro11.jpg\"><img decoding=\"async\" loading=\"lazy\" class=\"alignleft size-full wp-image-2867\" title=\"01_pedro1\" src=\"http:\/\/www.ulusiada.pt\/clima\/wp-content\/uploads\/2012\/03\/01_pedro11.jpg\" alt=\"\" width=\"239\" height=\"300\" \/><\/a><\/p>\n<p align=\"LEFT\"><strong>\u201cAssim como este Rey D. Pedro era amador de apressada Justi\u00e7a naquelles que se conhecia que o mereci\u00e3o, assim trabalhava que os feitos civeis n\u00e3o fossem prolongados, guardando a cada hum seu direito compridamente\u201d<\/strong><br \/>\n(Fern\u00e3o LOPES, Cr\u00f3nica de D. Pedro, cap. V)<\/p>\n<p align=\"LEFT\">Leis gerais &#8211; 25.<br \/>\nConcordata &#8211; 1.<\/p>\n","protected":false},"excerpt":{"rendered":"<p>\u201cAssim como este Rey D. Pedro era amador de apressada Justi\u00e7a naquelles que se conhecia que o mereci\u00e3o, assim trabalhava que os feitos civeis n\u00e3o fossem prolongados, guardando a cada hum seu direito compridamente\u201d (Fern\u00e3o LOPES, Cr\u00f3nica de D. Pedro, &hellip; <a href=\"https:\/\/www.ulusiada.pt\/clima\/ius-proprium-leis-gerais\/d-pedro-i\/\">Continuar a ler <span class=\"meta-nav\">&rarr;<\/span><\/a><\/p>\n","protected":false},"author":1,"featured_media":0,"parent":63,"menu_order":8,"comment_status":"closed","ping_status":"closed","template":"rei-page.php","meta":[],"acf":[],"_links":{"self":[{"href":"https:\/\/www.ulusiada.pt\/clima\/wp-json\/wp\/v2\/pages\/102"}],"collection":[{"href":"https:\/\/www.ulusiada.pt\/clima\/wp-json\/wp\/v2\/pages"}],"about":[{"href":"https:\/\/www.ulusiada.pt\/clima\/wp-json\/wp\/v2\/types\/page"}],"author":[{"embeddable":true,"href":"https:\/\/www.ulusiada.pt\/clima\/wp-json\/wp\/v2\/users\/1"}],"replies":[{"embeddable":true,"href":"https:\/\/www.ulusiada.pt\/clima\/wp-json\/wp\/v2\/comments?post=102"}],"version-history":[{"count":13,"href":"https:\/\/www.ulusiada.pt\/clima\/wp-json\/wp\/v2\/pages\/102\/revisions"}],"predecessor-version":[{"id":647,"href":"https:\/\/www.ulusiada.pt\/clima\/wp-json\/wp\/v2\/pages\/102\/revisions\/647"}],"up":[{"embeddable":true,"href":"https:\/\/www.ulusiada.pt\/clima\/wp-json\/wp\/v2\/pages\/63"}],"wp:attachment":[{"href":"https:\/\/www.ulusiada.pt\/clima\/wp-json\/wp\/v2\/media?parent=102"}],"curies":[{"name":"wp","href":"https:\/\/api.w.org\/{rel}","templated":true}]}}