{"id":1021,"date":"2012-04-28T11:35:48","date_gmt":"2012-04-28T11:35:48","guid":{"rendered":"http:\/\/www.ulusiada.pt\/clima\/?page_id=1021"},"modified":"2012-04-28T11:36:09","modified_gmt":"2012-04-28T11:36:09","slug":"sentenca","status":"publish","type":"page","link":"https:\/\/www.ulusiada.pt\/clima\/ius-proprium-leis-gerais\/d-afonso-iv\/sentenca\/","title":{"rendered":"Senten\u00e7a"},"content":{"rendered":"<p>Senten\u00e7a contra Jo\u00e3o Afonso.<\/p>\n","protected":false},"excerpt":{"rendered":"<p>Senten\u00e7a contra Jo\u00e3o Afonso.<\/p>\n","protected":false},"author":1,"featured_media":0,"parent":99,"menu_order":8,"comment_status":"closed","ping_status":"open","template":"lei-page.php","meta":[],"acf":[],"_links":{"self":[{"href":"https:\/\/www.ulusiada.pt\/clima\/wp-json\/wp\/v2\/pages\/1021"}],"collection":[{"href":"https:\/\/www.ulusiada.pt\/clima\/wp-json\/wp\/v2\/pages"}],"about":[{"href":"https:\/\/www.ulusiada.pt\/clima\/wp-json\/wp\/v2\/types\/page"}],"author":[{"embeddable":true,"href":"https:\/\/www.ulusiada.pt\/clima\/wp-json\/wp\/v2\/users\/1"}],"replies":[{"embeddable":true,"href":"https:\/\/www.ulusiada.pt\/clima\/wp-json\/wp\/v2\/comments?post=1021"}],"version-history":[{"count":3,"href":"https:\/\/www.ulusiada.pt\/clima\/wp-json\/wp\/v2\/pages\/1021\/revisions"}],"predecessor-version":[{"id":1023,"href":"https:\/\/www.ulusiada.pt\/clima\/wp-json\/wp\/v2\/pages\/1021\/revisions\/1023"}],"up":[{"embeddable":true,"href":"https:\/\/www.ulusiada.pt\/clima\/wp-json\/wp\/v2\/pages\/99"}],"wp:attachment":[{"href":"https:\/\/www.ulusiada.pt\/clima\/wp-json\/wp\/v2\/media?parent=1021"}],"curies":[{"name":"wp","href":"https:\/\/api.w.org\/{rel}","templated":true}]}}