{"id":1036,"date":"2012-04-29T14:07:38","date_gmt":"2012-04-29T14:07:38","guid":{"rendered":"http:\/\/www.ulusiada.pt\/clima\/?page_id=1036"},"modified":"2013-08-03T18:47:42","modified_gmt":"2013-08-03T18:47:42","slug":"lei-do-clero","status":"publish","type":"page","link":"https:\/\/www.ulusiada.pt\/clima\/ius-proprium-leis-gerais\/d-sancho-i\/lei-do-clero\/","title":{"rendered":"Lei do clero"},"content":{"rendered":"<p><span style=\"font-size: medium;\">Provis\u00e3o r\u00e9gia que encerra disposi\u00e7\u00f5es relativas a todo o clero do reino, concedendo-lhe privil\u00e9gios e regulando os limites dos seus deveres militares.<\/span><\/p>\n","protected":false},"excerpt":{"rendered":"<p>Provis\u00e3o r\u00e9gia que encerra disposi\u00e7\u00f5es relativas a todo o clero do reino, concedendo-lhe privil\u00e9gios e regulando os limites dos seus deveres militares.<\/p>\n","protected":false},"author":1,"featured_media":0,"parent":72,"menu_order":1,"comment_status":"closed","ping_status":"open","template":"lei-page.php","meta":[],"acf":[],"_links":{"self":[{"href":"https:\/\/www.ulusiada.pt\/clima\/wp-json\/wp\/v2\/pages\/1036"}],"collection":[{"href":"https:\/\/www.ulusiada.pt\/clima\/wp-json\/wp\/v2\/pages"}],"about":[{"href":"https:\/\/www.ulusiada.pt\/clima\/wp-json\/wp\/v2\/types\/page"}],"author":[{"embeddable":true,"href":"https:\/\/www.ulusiada.pt\/clima\/wp-json\/wp\/v2\/users\/1"}],"replies":[{"embeddable":true,"href":"https:\/\/www.ulusiada.pt\/clima\/wp-json\/wp\/v2\/comments?post=1036"}],"version-history":[{"count":13,"href":"https:\/\/www.ulusiada.pt\/clima\/wp-json\/wp\/v2\/pages\/1036\/revisions"}],"predecessor-version":[{"id":1038,"href":"https:\/\/www.ulusiada.pt\/clima\/wp-json\/wp\/v2\/pages\/1036\/revisions\/1038"}],"up":[{"embeddable":true,"href":"https:\/\/www.ulusiada.pt\/clima\/wp-json\/wp\/v2\/pages\/72"}],"wp:attachment":[{"href":"https:\/\/www.ulusiada.pt\/clima\/wp-json\/wp\/v2\/media?parent=1036"}],"curies":[{"name":"wp","href":"https:\/\/api.w.org\/{rel}","templated":true}]}}