{"id":105,"date":"2012-03-06T12:37:32","date_gmt":"2012-03-06T12:37:32","guid":{"rendered":"http:\/\/www.ulusiada.pt\/clima\/?page_id=105"},"modified":"2012-10-09T16:27:04","modified_gmt":"2012-10-09T16:27:04","slug":"d-fernando","status":"publish","type":"page","link":"https:\/\/www.ulusiada.pt\/clima\/ius-proprium-leis-gerais\/d-fernando\/","title":{"rendered":"D. Fernando (1367-1383)"},"content":{"rendered":"<p><a href=\"http:\/\/www.ulusiada.pt\/clima\/wp-content\/uploads\/2012\/03\/01_fernando1.jpg\"><img decoding=\"async\" loading=\"lazy\" class=\"alignleft size-full wp-image-2869\" title=\"01_fernando\" src=\"http:\/\/www.ulusiada.pt\/clima\/wp-content\/uploads\/2012\/03\/01_fernando1.jpg\" alt=\"\" width=\"239\" height=\"300\" \/><\/a><strong>&#8220;Porque a Justi\u00e7a he sobre todollos beens e he virtude mais alta e mais proveitosa e mui necessaria a todallas cousas e sem ella nenhuma obra nom he de louvar e segundo disserom alguuns sabedores foi achada pera ajuda e defensom e especialmente dos pequenos menos poderosos que os maiores e poderosos; e assy pela Ley de Deos como pela Ley dos homeens he cometida e encomendada aos Reyx e a elles he mais propria que a outro nenhuum pera guardar e defender cada huum de fazer obra de poderio nem prema contra os seus sobjeitos; e segundo authoridade do sabedor Salamom e outros muitos Santos o Rey que o consente ou leixa passar sem escarmento e sem pena ser\u00e1 avudo por quebrantador e despre\u00e7ador da Ley de Deos cujo logo tem; e nom querendo usar de justi\u00e7a de que usar deve pera louvar os boons e justos e penar os malfeitores mereceria de perder o nome e Estado de Rey; e segundo outro sy o dito Aristoteles seri\u00e3o menos prezados dos homeens e condapnados na Ley de Deos; e ainda segundo disserom os Santos Doutores da nossa Sancta Fe Catolica assy como antre os homeens Deos fez mais alto o Rey e lhe deu maior Estado assy ante Deos nas penas do outro mundo se justi\u00e7a nom fizer ou se leixar de a fazer elle teera o principal logo; e porem na obra desta justi\u00e7a os homens boos e grandes do Regno como bra\u00e7os de Rey devem a elle seer ajudadores&#8221;<br \/>\n<\/strong>(<em>Ordena\u00e7\u00f5es Afonsinas<\/em>, II, 60, \u00a7 1)<\/p>\n<p align=\"LEFT\"><strong>\u201cMujtas hordena\u00e7o\u00f5es outras fez e mandou comprir por boom regimento e prol do seu poboo este nobre rei Dom Fernando, que razoadas todas por meudo fariam tam grande trautado, qual aqui nom compre de seer escripto\u201d <\/strong><br \/>\n(Fern\u00e3o LOPES,\u00a0<em>Cr\u00f3nica de D. Fernando<\/em>, cap. XXX).<\/p>\n<p align=\"LEFT\">Leis gerais &#8211; 28.<\/p>\n","protected":false},"excerpt":{"rendered":"<p>&#8220;Porque a Justi\u00e7a he sobre todollos beens e he virtude mais alta e mais proveitosa e mui necessaria a todallas cousas e sem ella nenhuma obra nom he de louvar e segundo disserom alguuns sabedores foi achada pera ajuda e &hellip; <a href=\"https:\/\/www.ulusiada.pt\/clima\/ius-proprium-leis-gerais\/d-fernando\/\">Continuar a ler <span class=\"meta-nav\">&rarr;<\/span><\/a><\/p>\n","protected":false},"author":1,"featured_media":0,"parent":63,"menu_order":9,"comment_status":"closed","ping_status":"closed","template":"rei-page.php","meta":[],"acf":[],"_links":{"self":[{"href":"https:\/\/www.ulusiada.pt\/clima\/wp-json\/wp\/v2\/pages\/105"}],"collection":[{"href":"https:\/\/www.ulusiada.pt\/clima\/wp-json\/wp\/v2\/pages"}],"about":[{"href":"https:\/\/www.ulusiada.pt\/clima\/wp-json\/wp\/v2\/types\/page"}],"author":[{"embeddable":true,"href":"https:\/\/www.ulusiada.pt\/clima\/wp-json\/wp\/v2\/users\/1"}],"replies":[{"embeddable":true,"href":"https:\/\/www.ulusiada.pt\/clima\/wp-json\/wp\/v2\/comments?post=105"}],"version-history":[{"count":8,"href":"https:\/\/www.ulusiada.pt\/clima\/wp-json\/wp\/v2\/pages\/105\/revisions"}],"predecessor-version":[{"id":709,"href":"https:\/\/www.ulusiada.pt\/clima\/wp-json\/wp\/v2\/pages\/105\/revisions\/709"}],"up":[{"embeddable":true,"href":"https:\/\/www.ulusiada.pt\/clima\/wp-json\/wp\/v2\/pages\/63"}],"wp:attachment":[{"href":"https:\/\/www.ulusiada.pt\/clima\/wp-json\/wp\/v2\/media?parent=105"}],"curies":[{"name":"wp","href":"https:\/\/api.w.org\/{rel}","templated":true}]}}