{"id":1059,"date":"2012-04-30T18:16:56","date_gmt":"2012-04-30T18:16:56","guid":{"rendered":"http:\/\/www.ulusiada.pt\/clima\/?page_id=1059"},"modified":"2023-03-11T10:31:30","modified_gmt":"2023-03-11T10:31:30","slug":"lei-dos-mouros-forros","status":"publish","type":"page","link":"https:\/\/www.ulusiada.pt\/clima\/ius-proprium-leis-gerais\/d-afonso-henriques\/lei-dos-mouros-forros\/","title":{"rendered":"Lei dos mouros forros"},"content":{"rendered":"<p>Carta de privil\u00e9gio e seguran\u00e7a aos mouros forros da cidade de Lisboa, Almada, Palmela e Alc\u00e1cer.<\/p>\n<p style=\"text-align: center;\"><strong>CLIM@ &#8211; Lei 0001<\/strong><\/p>\n","protected":false},"excerpt":{"rendered":"<p>Carta de privil\u00e9gio e seguran\u00e7a aos mouros forros da cidade de Lisboa, Almada, Palmela e Alc\u00e1cer. CLIM@ &#8211; Lei 0001<\/p>\n","protected":false},"author":1,"featured_media":0,"parent":65,"menu_order":2,"comment_status":"closed","ping_status":"open","template":"lei-page.php","meta":[],"acf":[],"_links":{"self":[{"href":"https:\/\/www.ulusiada.pt\/clima\/wp-json\/wp\/v2\/pages\/1059"}],"collection":[{"href":"https:\/\/www.ulusiada.pt\/clima\/wp-json\/wp\/v2\/pages"}],"about":[{"href":"https:\/\/www.ulusiada.pt\/clima\/wp-json\/wp\/v2\/types\/page"}],"author":[{"embeddable":true,"href":"https:\/\/www.ulusiada.pt\/clima\/wp-json\/wp\/v2\/users\/1"}],"replies":[{"embeddable":true,"href":"https:\/\/www.ulusiada.pt\/clima\/wp-json\/wp\/v2\/comments?post=1059"}],"version-history":[{"count":20,"href":"https:\/\/www.ulusiada.pt\/clima\/wp-json\/wp\/v2\/pages\/1059\/revisions"}],"predecessor-version":[{"id":5102,"href":"https:\/\/www.ulusiada.pt\/clima\/wp-json\/wp\/v2\/pages\/1059\/revisions\/5102"}],"up":[{"embeddable":true,"href":"https:\/\/www.ulusiada.pt\/clima\/wp-json\/wp\/v2\/pages\/65"}],"wp:attachment":[{"href":"https:\/\/www.ulusiada.pt\/clima\/wp-json\/wp\/v2\/media?parent=1059"}],"curies":[{"name":"wp","href":"https:\/\/api.w.org\/{rel}","templated":true}]}}