{"id":1074,"date":"2012-05-01T18:16:25","date_gmt":"2012-05-01T18:16:25","guid":{"rendered":"http:\/\/www.ulusiada.pt\/clima\/?page_id=1074"},"modified":"2012-11-12T11:15:44","modified_gmt":"2012-11-12T11:15:44","slug":"lei-das-barregas","status":"publish","type":"page","link":"https:\/\/www.ulusiada.pt\/clima\/ius-proprium-leis-gerais\/leis-perdidas\/lei-das-barregas\/","title":{"rendered":"Lei das barreg\u00e3s"},"content":{"rendered":"<p>Lei de D. Afonso henriques que mandava prender as barreg\u00e3s dos cl\u00e9rigos.<\/p>\n","protected":false},"excerpt":{"rendered":"<p>Lei de D. Afonso henriques que mandava prender as barreg\u00e3s dos cl\u00e9rigos.<\/p>\n","protected":false},"author":1,"featured_media":0,"parent":2549,"menu_order":1,"comment_status":"closed","ping_status":"open","template":"lei-page.php","meta":[],"acf":[],"_links":{"self":[{"href":"https:\/\/www.ulusiada.pt\/clima\/wp-json\/wp\/v2\/pages\/1074"}],"collection":[{"href":"https:\/\/www.ulusiada.pt\/clima\/wp-json\/wp\/v2\/pages"}],"about":[{"href":"https:\/\/www.ulusiada.pt\/clima\/wp-json\/wp\/v2\/types\/page"}],"author":[{"embeddable":true,"href":"https:\/\/www.ulusiada.pt\/clima\/wp-json\/wp\/v2\/users\/1"}],"replies":[{"embeddable":true,"href":"https:\/\/www.ulusiada.pt\/clima\/wp-json\/wp\/v2\/comments?post=1074"}],"version-history":[{"count":15,"href":"https:\/\/www.ulusiada.pt\/clima\/wp-json\/wp\/v2\/pages\/1074\/revisions"}],"predecessor-version":[{"id":1077,"href":"https:\/\/www.ulusiada.pt\/clima\/wp-json\/wp\/v2\/pages\/1074\/revisions\/1077"}],"up":[{"embeddable":true,"href":"https:\/\/www.ulusiada.pt\/clima\/wp-json\/wp\/v2\/pages\/2549"}],"wp:attachment":[{"href":"https:\/\/www.ulusiada.pt\/clima\/wp-json\/wp\/v2\/media?parent=1074"}],"curies":[{"name":"wp","href":"https:\/\/api.w.org\/{rel}","templated":true}]}}