{"id":1087,"date":"2012-05-02T11:04:13","date_gmt":"2012-05-02T11:04:13","guid":{"rendered":"http:\/\/www.ulusiada.pt\/clima\/?page_id=1087"},"modified":"2012-11-12T11:14:20","modified_gmt":"2012-11-12T11:14:20","slug":"lei-da-amortizacao","status":"publish","type":"page","link":"https:\/\/www.ulusiada.pt\/clima\/ius-proprium-leis-gerais\/leis-perdidas\/lei-da-amortizacao\/","title":{"rendered":"Lei da amortiza\u00e7\u00e3o"},"content":{"rendered":"<p>Lei da amortiza\u00e7\u00e3o de D. Sancho II.<\/p>\n","protected":false},"excerpt":{"rendered":"<p>Lei da amortiza\u00e7\u00e3o de D. Sancho II.<\/p>\n","protected":false},"author":1,"featured_media":0,"parent":2549,"menu_order":1,"comment_status":"closed","ping_status":"open","template":"lei-page.php","meta":[],"acf":[],"_links":{"self":[{"href":"https:\/\/www.ulusiada.pt\/clima\/wp-json\/wp\/v2\/pages\/1087"}],"collection":[{"href":"https:\/\/www.ulusiada.pt\/clima\/wp-json\/wp\/v2\/pages"}],"about":[{"href":"https:\/\/www.ulusiada.pt\/clima\/wp-json\/wp\/v2\/types\/page"}],"author":[{"embeddable":true,"href":"https:\/\/www.ulusiada.pt\/clima\/wp-json\/wp\/v2\/users\/1"}],"replies":[{"embeddable":true,"href":"https:\/\/www.ulusiada.pt\/clima\/wp-json\/wp\/v2\/comments?post=1087"}],"version-history":[{"count":5,"href":"https:\/\/www.ulusiada.pt\/clima\/wp-json\/wp\/v2\/pages\/1087\/revisions"}],"predecessor-version":[{"id":1089,"href":"https:\/\/www.ulusiada.pt\/clima\/wp-json\/wp\/v2\/pages\/1087\/revisions\/1089"}],"up":[{"embeddable":true,"href":"https:\/\/www.ulusiada.pt\/clima\/wp-json\/wp\/v2\/pages\/2549"}],"wp:attachment":[{"href":"https:\/\/www.ulusiada.pt\/clima\/wp-json\/wp\/v2\/media?parent=1087"}],"curies":[{"name":"wp","href":"https:\/\/api.w.org\/{rel}","templated":true}]}}