{"id":1152,"date":"2012-05-07T13:23:06","date_gmt":"2012-05-07T13:23:06","guid":{"rendered":"http:\/\/www.ulusiada.pt\/clima\/?page_id=1152"},"modified":"2012-05-07T13:23:06","modified_gmt":"2012-05-07T13:23:06","slug":"lei-dos-escrivaes","status":"publish","type":"page","link":"https:\/\/www.ulusiada.pt\/clima\/ius-proprium-leis-gerais\/d-afonso-iv\/lei-dos-escrivaes\/","title":{"rendered":"Lei dos escriv\u00e3es"},"content":{"rendered":"<p>Emolumentos das cartas e outras escrituras a levar pelos escriv\u00e3es das audi\u00eancias da Corte.<\/p>\n","protected":false},"excerpt":{"rendered":"<p>Emolumentos das cartas e outras escrituras a levar pelos escriv\u00e3es das audi\u00eancias da Corte.<\/p>\n","protected":false},"author":1,"featured_media":0,"parent":99,"menu_order":12,"comment_status":"closed","ping_status":"open","template":"lei-page.php","meta":[],"acf":[],"_links":{"self":[{"href":"https:\/\/www.ulusiada.pt\/clima\/wp-json\/wp\/v2\/pages\/1152"}],"collection":[{"href":"https:\/\/www.ulusiada.pt\/clima\/wp-json\/wp\/v2\/pages"}],"about":[{"href":"https:\/\/www.ulusiada.pt\/clima\/wp-json\/wp\/v2\/types\/page"}],"author":[{"embeddable":true,"href":"https:\/\/www.ulusiada.pt\/clima\/wp-json\/wp\/v2\/users\/1"}],"replies":[{"embeddable":true,"href":"https:\/\/www.ulusiada.pt\/clima\/wp-json\/wp\/v2\/comments?post=1152"}],"version-history":[{"count":2,"href":"https:\/\/www.ulusiada.pt\/clima\/wp-json\/wp\/v2\/pages\/1152\/revisions"}],"predecessor-version":[{"id":1154,"href":"https:\/\/www.ulusiada.pt\/clima\/wp-json\/wp\/v2\/pages\/1152\/revisions\/1154"}],"up":[{"embeddable":true,"href":"https:\/\/www.ulusiada.pt\/clima\/wp-json\/wp\/v2\/pages\/99"}],"wp:attachment":[{"href":"https:\/\/www.ulusiada.pt\/clima\/wp-json\/wp\/v2\/media?parent=1152"}],"curies":[{"name":"wp","href":"https:\/\/api.w.org\/{rel}","templated":true}]}}