{"id":116,"date":"2012-03-06T12:53:50","date_gmt":"2012-03-06T12:53:50","guid":{"rendered":"http:\/\/www.ulusiada.pt\/clima\/?page_id=116"},"modified":"2012-10-10T12:17:05","modified_gmt":"2012-10-10T12:17:05","slug":"d-duarte","status":"publish","type":"page","link":"https:\/\/www.ulusiada.pt\/clima\/ius-proprium-leis-gerais\/d-duarte\/","title":{"rendered":"D. Duarte (1433-1438)"},"content":{"rendered":"<p style=\"text-align: left;\"><a href=\"http:\/\/www.ulusiada.pt\/clima\/wp-content\/uploads\/2012\/03\/01_duarte1.jpg\"><img decoding=\"async\" loading=\"lazy\" class=\"alignleft size-full wp-image-2873\" title=\"01_duarte\" src=\"http:\/\/www.ulusiada.pt\/clima\/wp-content\/uploads\/2012\/03\/01_duarte1.jpg\" alt=\"\" width=\"239\" height=\"300\" \/><\/a><\/p>\n<p style=\"text-align: left;\"><strong>&#8220;a Santa Justi\u00e7a he Raynha das virtudes e he \u00e7hamada communis virtude Porque aquele que a consiguo tem todalas outras virtudes tem, porem senhor pera serdes em todalas outras ujrtudes virtuoso esta deues amar esta deues sempre comuosco abra\u00e7ar, qa esta he aquela pola qual os reys reyn\u00e3o e os prin\u00e7ipes som senhores&#8221;<\/strong>.<br \/>\n(1433.12.05 \u2013 Conselho do Bispo do Porto a D. Duarte, no <strong><em>Livro dos Conselhos de D. Duarte<\/em><\/strong>, fls. 88-88v)<\/p>\n","protected":false},"excerpt":{"rendered":"<p>&#8220;a Santa Justi\u00e7a he Raynha das virtudes e he \u00e7hamada communis virtude Porque aquele que a consiguo tem todalas outras virtudes tem, porem senhor pera serdes em todalas outras ujrtudes virtuoso esta deues amar esta deues sempre comuosco abra\u00e7ar, qa &hellip; <a href=\"https:\/\/www.ulusiada.pt\/clima\/ius-proprium-leis-gerais\/d-duarte\/\">Continuar a ler <span class=\"meta-nav\">&rarr;<\/span><\/a><\/p>\n","protected":false},"author":1,"featured_media":0,"parent":63,"menu_order":11,"comment_status":"closed","ping_status":"closed","template":"rei-page.php","meta":[],"acf":[],"_links":{"self":[{"href":"https:\/\/www.ulusiada.pt\/clima\/wp-json\/wp\/v2\/pages\/116"}],"collection":[{"href":"https:\/\/www.ulusiada.pt\/clima\/wp-json\/wp\/v2\/pages"}],"about":[{"href":"https:\/\/www.ulusiada.pt\/clima\/wp-json\/wp\/v2\/types\/page"}],"author":[{"embeddable":true,"href":"https:\/\/www.ulusiada.pt\/clima\/wp-json\/wp\/v2\/users\/1"}],"replies":[{"embeddable":true,"href":"https:\/\/www.ulusiada.pt\/clima\/wp-json\/wp\/v2\/comments?post=116"}],"version-history":[{"count":6,"href":"https:\/\/www.ulusiada.pt\/clima\/wp-json\/wp\/v2\/pages\/116\/revisions"}],"predecessor-version":[{"id":2886,"href":"https:\/\/www.ulusiada.pt\/clima\/wp-json\/wp\/v2\/pages\/116\/revisions\/2886"}],"up":[{"embeddable":true,"href":"https:\/\/www.ulusiada.pt\/clima\/wp-json\/wp\/v2\/pages\/63"}],"wp:attachment":[{"href":"https:\/\/www.ulusiada.pt\/clima\/wp-json\/wp\/v2\/media?parent=116"}],"curies":[{"name":"wp","href":"https:\/\/api.w.org\/{rel}","templated":true}]}}