{"id":1161,"date":"2012-05-07T14:14:25","date_gmt":"2012-05-07T14:14:25","guid":{"rendered":"http:\/\/www.ulusiada.pt\/clima\/?page_id=1161"},"modified":"2012-05-15T16:56:50","modified_gmt":"2012-05-15T16:56:50","slug":"lei-das-execucoes","status":"publish","type":"page","link":"https:\/\/www.ulusiada.pt\/clima\/ius-proprium-leis-gerais\/d-afonso-iv\/lei-das-execucoes\/","title":{"rendered":"Lei das execu\u00e7\u00f5es"},"content":{"rendered":"<p>Como os porteiros devem fazer as execu\u00e7\u00f5es e constrangimentos.<\/p>\n","protected":false},"excerpt":{"rendered":"<p>Como os porteiros devem fazer as execu\u00e7\u00f5es e constrangimentos.<\/p>\n","protected":false},"author":1,"featured_media":0,"parent":99,"menu_order":16,"comment_status":"closed","ping_status":"open","template":"lei-page.php","meta":[],"acf":[],"_links":{"self":[{"href":"https:\/\/www.ulusiada.pt\/clima\/wp-json\/wp\/v2\/pages\/1161"}],"collection":[{"href":"https:\/\/www.ulusiada.pt\/clima\/wp-json\/wp\/v2\/pages"}],"about":[{"href":"https:\/\/www.ulusiada.pt\/clima\/wp-json\/wp\/v2\/types\/page"}],"author":[{"embeddable":true,"href":"https:\/\/www.ulusiada.pt\/clima\/wp-json\/wp\/v2\/users\/1"}],"replies":[{"embeddable":true,"href":"https:\/\/www.ulusiada.pt\/clima\/wp-json\/wp\/v2\/comments?post=1161"}],"version-history":[{"count":3,"href":"https:\/\/www.ulusiada.pt\/clima\/wp-json\/wp\/v2\/pages\/1161\/revisions"}],"predecessor-version":[{"id":1163,"href":"https:\/\/www.ulusiada.pt\/clima\/wp-json\/wp\/v2\/pages\/1161\/revisions\/1163"}],"up":[{"embeddable":true,"href":"https:\/\/www.ulusiada.pt\/clima\/wp-json\/wp\/v2\/pages\/99"}],"wp:attachment":[{"href":"https:\/\/www.ulusiada.pt\/clima\/wp-json\/wp\/v2\/media?parent=1161"}],"curies":[{"name":"wp","href":"https:\/\/api.w.org\/{rel}","templated":true}]}}