{"id":1182,"date":"2012-05-14T12:28:36","date_gmt":"2012-05-14T12:28:36","guid":{"rendered":"http:\/\/www.ulusiada.pt\/clima\/?page_id=1182"},"modified":"2012-05-15T15:54:59","modified_gmt":"2012-05-15T15:54:59","slug":"lei-dos-capitulos","status":"publish","type":"page","link":"https:\/\/www.ulusiada.pt\/clima\/ius-proprium-leis-gerais\/d-afonso-iv\/lei-dos-capitulos\/","title":{"rendered":"Lei dos Cap\u00edtulos"},"content":{"rendered":"<p>Cap\u00edtulos das d\u00favidas que os fidalgos e a clerezia puseram a D. Afonso IV, com as respectivas respostas para cada um deles. Artigo 1.\u00ba [s\u00f3 doc. Braga] \u2013 das pagas dos vassalos de el-rei (conte\u00fado parcial); artigo 2.\u00ba [3.\u00ba doc. Braga] \u2013 sobre o privil\u00e9gio dos coutos e honras outorgado por D. Dinis; artigo 3.\u00ba \u2013 conte\u00fado ainda desconhecido; artigo 4.\u00ba [6.\u00ba doc. Braga] \u2013 sobre o direito de padroado dos fidalgos nos mosteiros e igrejas; artigo 5.\u00ba [5.\u00ba doc. Braga] \u2013 para que se n\u00e3o possam obrigar nem penhorar os cavalos e armas dos fidalgos; artigo 6.\u00ba [nas <em>Ordena\u00e7\u00f5es Afonsinas<\/em>] \u2013 sobre a proibi\u00e7\u00e3o dos cavaleiros e fidalgos estarem em concelho e n\u00e3o poderem advogar por outrem em ju\u00edzo; artigo 7.\u00ba [nas <em>Ordena\u00e7\u00f5es Afonsinas<\/em>] \u2013 sobre as execu\u00e7\u00f5es nas casas dos cavaleiros, dos fidalgos e das suas mulheres; artigo 8.\u00ba [8.\u00ba doc. Braga, com redac\u00e7\u00e3o diferente] \u2013 sobre a taxa\u00e7\u00e3o das igrejas; artigo 9\u00ba [s\u00f3 doc. Braga, art. 7\u00ba] \u2013 sobre as inquiri\u00e7\u00f5es devassas feitas pelos corregedores; artigo 10.\u00ba [4.\u00ba doc. Braga \/ 10\u00ba doc. dos Viscondes] \u2013 sobre a palha, lenha, erva, couves e galinhas filhadas pelos fidalgos.<\/p>\n","protected":false},"excerpt":{"rendered":"<p>Cap\u00edtulos das d\u00favidas que os fidalgos e a clerezia puseram a D. Afonso IV, com as respectivas respostas para cada um deles. Artigo 1.\u00ba [s\u00f3 doc. Braga] \u2013 das pagas dos vassalos de el-rei (conte\u00fado parcial); artigo 2.\u00ba [3.\u00ba doc. &hellip; <a href=\"https:\/\/www.ulusiada.pt\/clima\/ius-proprium-leis-gerais\/d-afonso-iv\/lei-dos-capitulos\/\">Continuar a ler <span class=\"meta-nav\">&rarr;<\/span><\/a><\/p>\n","protected":false},"author":1,"featured_media":0,"parent":99,"menu_order":14,"comment_status":"closed","ping_status":"open","template":"lei-page.php","meta":[],"acf":[],"_links":{"self":[{"href":"https:\/\/www.ulusiada.pt\/clima\/wp-json\/wp\/v2\/pages\/1182"}],"collection":[{"href":"https:\/\/www.ulusiada.pt\/clima\/wp-json\/wp\/v2\/pages"}],"about":[{"href":"https:\/\/www.ulusiada.pt\/clima\/wp-json\/wp\/v2\/types\/page"}],"author":[{"embeddable":true,"href":"https:\/\/www.ulusiada.pt\/clima\/wp-json\/wp\/v2\/users\/1"}],"replies":[{"embeddable":true,"href":"https:\/\/www.ulusiada.pt\/clima\/wp-json\/wp\/v2\/comments?post=1182"}],"version-history":[{"count":7,"href":"https:\/\/www.ulusiada.pt\/clima\/wp-json\/wp\/v2\/pages\/1182\/revisions"}],"predecessor-version":[{"id":1184,"href":"https:\/\/www.ulusiada.pt\/clima\/wp-json\/wp\/v2\/pages\/1182\/revisions\/1184"}],"up":[{"embeddable":true,"href":"https:\/\/www.ulusiada.pt\/clima\/wp-json\/wp\/v2\/pages\/99"}],"wp:attachment":[{"href":"https:\/\/www.ulusiada.pt\/clima\/wp-json\/wp\/v2\/media?parent=1182"}],"curies":[{"name":"wp","href":"https:\/\/api.w.org\/{rel}","templated":true}]}}