{"id":1199,"date":"2012-05-15T17:14:15","date_gmt":"2012-05-15T17:14:15","guid":{"rendered":"http:\/\/www.ulusiada.pt\/clima\/?page_id=1199"},"modified":"2012-05-17T10:32:24","modified_gmt":"2012-05-17T10:32:24","slug":"lei-da-apelacao-2","status":"publish","type":"page","link":"https:\/\/www.ulusiada.pt\/clima\/ius-proprium-leis-gerais\/d-afonso-iv\/lei-da-apelacao-2\/","title":{"rendered":"Lei da apela\u00e7\u00e3o"},"content":{"rendered":"<p>Sobre o recurso de apela\u00e7\u00e3o: para que os ju\u00edzes n\u00e3o d\u00eaem apela\u00e7\u00f5es dos feitos de cinco libras ou menos.<\/p>\n","protected":false},"excerpt":{"rendered":"<p>Sobre o recurso de apela\u00e7\u00e3o: para que os ju\u00edzes n\u00e3o d\u00eaem apela\u00e7\u00f5es dos feitos de cinco libras ou menos.<\/p>\n","protected":false},"author":1,"featured_media":0,"parent":99,"menu_order":20,"comment_status":"closed","ping_status":"open","template":"lei-page.php","meta":[],"acf":[],"_links":{"self":[{"href":"https:\/\/www.ulusiada.pt\/clima\/wp-json\/wp\/v2\/pages\/1199"}],"collection":[{"href":"https:\/\/www.ulusiada.pt\/clima\/wp-json\/wp\/v2\/pages"}],"about":[{"href":"https:\/\/www.ulusiada.pt\/clima\/wp-json\/wp\/v2\/types\/page"}],"author":[{"embeddable":true,"href":"https:\/\/www.ulusiada.pt\/clima\/wp-json\/wp\/v2\/users\/1"}],"replies":[{"embeddable":true,"href":"https:\/\/www.ulusiada.pt\/clima\/wp-json\/wp\/v2\/comments?post=1199"}],"version-history":[{"count":4,"href":"https:\/\/www.ulusiada.pt\/clima\/wp-json\/wp\/v2\/pages\/1199\/revisions"}],"predecessor-version":[{"id":1201,"href":"https:\/\/www.ulusiada.pt\/clima\/wp-json\/wp\/v2\/pages\/1199\/revisions\/1201"}],"up":[{"embeddable":true,"href":"https:\/\/www.ulusiada.pt\/clima\/wp-json\/wp\/v2\/pages\/99"}],"wp:attachment":[{"href":"https:\/\/www.ulusiada.pt\/clima\/wp-json\/wp\/v2\/media?parent=1199"}],"curies":[{"name":"wp","href":"https:\/\/api.w.org\/{rel}","templated":true}]}}