{"id":1203,"date":"2012-05-15T17:26:45","date_gmt":"2012-05-15T17:26:45","guid":{"rendered":"http:\/\/www.ulusiada.pt\/clima\/?page_id=1203"},"modified":"2012-07-13T09:47:56","modified_gmt":"2012-07-13T09:47:56","slug":"lei-dos-advogados-2","status":"publish","type":"page","link":"https:\/\/www.ulusiada.pt\/clima\/ius-proprium-leis-gerais\/d-afonso-iv\/lei-dos-advogados-2\/","title":{"rendered":"Lei dos advogados"},"content":{"rendered":"<p>Ordena\u00e7\u00e3o sobre o Livramento dos feitos na Corte e proibi\u00e7\u00e3o de advogados e procuradores residentes na Corte.<\/p>\n","protected":false},"excerpt":{"rendered":"<p>Ordena\u00e7\u00e3o sobre o Livramento dos feitos na Corte e proibi\u00e7\u00e3o de advogados e procuradores residentes na Corte.<\/p>\n","protected":false},"author":1,"featured_media":0,"parent":99,"menu_order":21,"comment_status":"closed","ping_status":"open","template":"lei-page.php","meta":[],"acf":[],"_links":{"self":[{"href":"https:\/\/www.ulusiada.pt\/clima\/wp-json\/wp\/v2\/pages\/1203"}],"collection":[{"href":"https:\/\/www.ulusiada.pt\/clima\/wp-json\/wp\/v2\/pages"}],"about":[{"href":"https:\/\/www.ulusiada.pt\/clima\/wp-json\/wp\/v2\/types\/page"}],"author":[{"embeddable":true,"href":"https:\/\/www.ulusiada.pt\/clima\/wp-json\/wp\/v2\/users\/1"}],"replies":[{"embeddable":true,"href":"https:\/\/www.ulusiada.pt\/clima\/wp-json\/wp\/v2\/comments?post=1203"}],"version-history":[{"count":6,"href":"https:\/\/www.ulusiada.pt\/clima\/wp-json\/wp\/v2\/pages\/1203\/revisions"}],"predecessor-version":[{"id":1205,"href":"https:\/\/www.ulusiada.pt\/clima\/wp-json\/wp\/v2\/pages\/1203\/revisions\/1205"}],"up":[{"embeddable":true,"href":"https:\/\/www.ulusiada.pt\/clima\/wp-json\/wp\/v2\/pages\/99"}],"wp:attachment":[{"href":"https:\/\/www.ulusiada.pt\/clima\/wp-json\/wp\/v2\/media?parent=1203"}],"curies":[{"name":"wp","href":"https:\/\/api.w.org\/{rel}","templated":true}]}}