{"id":1234,"date":"2012-05-20T16:15:15","date_gmt":"2012-05-20T16:15:15","guid":{"rendered":"http:\/\/www.ulusiada.pt\/clima\/?page_id=1234"},"modified":"2012-05-20T16:15:15","modified_gmt":"2012-05-20T16:15:15","slug":"lei-da-chancelaria","status":"publish","type":"page","link":"https:\/\/www.ulusiada.pt\/clima\/ius-proprium-leis-gerais\/d-afonso-iv\/lei-da-chancelaria\/","title":{"rendered":"Lei da chancelaria"},"content":{"rendered":"<p>Ordena\u00e7\u00e3o para que n\u00e3o se leve na Chancelaria os tr\u00eas soldos das cartas enviadas para as vilas ou lugares onde est\u00e1 o rei ou a sua Casa.<\/p>\n","protected":false},"excerpt":{"rendered":"<p>Ordena\u00e7\u00e3o para que n\u00e3o se leve na Chancelaria os tr\u00eas soldos das cartas enviadas para as vilas ou lugares onde est\u00e1 o rei ou a sua Casa.<\/p>\n","protected":false},"author":1,"featured_media":0,"parent":99,"menu_order":25,"comment_status":"closed","ping_status":"open","template":"lei-page.php","meta":[],"acf":[],"_links":{"self":[{"href":"https:\/\/www.ulusiada.pt\/clima\/wp-json\/wp\/v2\/pages\/1234"}],"collection":[{"href":"https:\/\/www.ulusiada.pt\/clima\/wp-json\/wp\/v2\/pages"}],"about":[{"href":"https:\/\/www.ulusiada.pt\/clima\/wp-json\/wp\/v2\/types\/page"}],"author":[{"embeddable":true,"href":"https:\/\/www.ulusiada.pt\/clima\/wp-json\/wp\/v2\/users\/1"}],"replies":[{"embeddable":true,"href":"https:\/\/www.ulusiada.pt\/clima\/wp-json\/wp\/v2\/comments?post=1234"}],"version-history":[{"count":2,"href":"https:\/\/www.ulusiada.pt\/clima\/wp-json\/wp\/v2\/pages\/1234\/revisions"}],"predecessor-version":[{"id":1236,"href":"https:\/\/www.ulusiada.pt\/clima\/wp-json\/wp\/v2\/pages\/1234\/revisions\/1236"}],"up":[{"embeddable":true,"href":"https:\/\/www.ulusiada.pt\/clima\/wp-json\/wp\/v2\/pages\/99"}],"wp:attachment":[{"href":"https:\/\/www.ulusiada.pt\/clima\/wp-json\/wp\/v2\/media?parent=1234"}],"curies":[{"name":"wp","href":"https:\/\/api.w.org\/{rel}","templated":true}]}}