{"id":128,"date":"2012-03-06T15:05:03","date_gmt":"2012-03-06T15:05:03","guid":{"rendered":"http:\/\/www.ulusiada.pt\/clima\/?page_id=128"},"modified":"2012-10-09T16:29:30","modified_gmt":"2012-10-09T16:29:30","slug":"d-joao-ii","status":"publish","type":"page","link":"https:\/\/www.ulusiada.pt\/clima\/ius-proprium-leis-gerais\/d-joao-ii\/","title":{"rendered":"D. Jo\u00e3o II (1481-1495)"},"content":{"rendered":"<p><a href=\"http:\/\/www.ulusiada.pt\/clima\/wp-content\/uploads\/2012\/03\/01_joao21.jpg\"><img decoding=\"async\" loading=\"lazy\" class=\"alignleft size-full wp-image-2877\" title=\"01_joao2\" src=\"http:\/\/www.ulusiada.pt\/clima\/wp-content\/uploads\/2012\/03\/01_joao21.jpg\" alt=\"\" width=\"239\" height=\"300\" \/><\/a>D. Jo\u00e3o II de Portugal (Lisboa, 3 de Mar\u00e7o de 1455 \u2013 Alvor, 25 de Outubro de 1495) foi o d\u00e9cimo-terceiro Rei de Portugal, cognominado O Pr\u00edncipe Perfeito pela forma como exerceu o poder. Filho do rei Afonso V de Portugal, acompanhou o seu pai nas campanhas em \u00c1frica e foi armado cavaleiro na tomada de Arzila. Enquanto D. Afonso V enfrentava os castelhanos, o pr\u00edncipe assumiu a direc\u00e7\u00e3o da expans\u00e3o mar\u00edtima portuguesa iniciada pelo seu tio-av\u00f4 Infante D. Henrique.<\/p>\n<p>D. Jo\u00e3o II de Portugal sucedeu ao seu pai ap\u00f3s a sua abdica\u00e7\u00e3o em 1477, mas s\u00f3 ascendeu ao trono ap\u00f3s a sua morte, em 1481. Concentrou ent\u00e3o o poder em si, retirando-o \u00e0 aristocracia. Nas conspira\u00e7\u00f5es que se seguiram suprimiu o poder da casa de Bragan\u00e7a e apunhalou pelas suas pr\u00f3prias m\u00e3os o seu primo Diogo, Duque de Viseu. Governando desde ent\u00e3o sem oposi\u00e7\u00e3o, Jo\u00e3o II foi um grande defensor da pol\u00edtica de explora\u00e7\u00e3o atl\u00e2ntica, dando prioridade \u00e0 busca de um caminho mar\u00edtimo para a \u00cdndia. Ap\u00f3s ordenar as viagens de Bartolomeu Dias e de P\u00earo da Covilh\u00e3, foi D.Jo\u00e3o II que delineou o projecto da primeira viagem.<\/p>\n<p>O seu \u00fanico herdeiro, o pr\u00edncipe Afonso de Portugal estava prometido desde a inf\u00e2ncia a Isabel de Arag\u00e3o e Castela, amea\u00e7ando herdar os tronos de Castela e Arag\u00e3o. Contudo o jovem pr\u00edncipe morreu numa misteriosa queda em 1491 e durante o resto da sua vida D. Jo\u00e3o II tentou, sem sucesso, obter a legitima\u00e7\u00e3o do seu filho bastardo Jorge de Lancastre. Em 1494, na sequ\u00eancia da viagem de Crist\u00f3v\u00e3o Colombo, que recusara, D. Jo\u00e3o II negociou o Tratado de Tordesilhas com os reis cat\u00f3licos. Morreu no ano seguinte sem herdeiros leg\u00edtimos, tendo escolhido para sucessor o duque de Beja, seu primo direito e cunhado, que viria a ascender ao trono como D. Manuel I de Portugal.<\/p>\n","protected":false},"excerpt":{"rendered":"<p>D. Jo\u00e3o II de Portugal (Lisboa, 3 de Mar\u00e7o de 1455 \u2013 Alvor, 25 de Outubro de 1495) foi o d\u00e9cimo-terceiro Rei de Portugal, cognominado O Pr\u00edncipe Perfeito pela forma como exerceu o poder. Filho do rei Afonso V de &hellip; <a href=\"https:\/\/www.ulusiada.pt\/clima\/ius-proprium-leis-gerais\/d-joao-ii\/\">Continuar a ler <span class=\"meta-nav\">&rarr;<\/span><\/a><\/p>\n","protected":false},"author":1,"featured_media":0,"parent":63,"menu_order":13,"comment_status":"closed","ping_status":"closed","template":"rei-page.php","meta":[],"acf":[],"_links":{"self":[{"href":"https:\/\/www.ulusiada.pt\/clima\/wp-json\/wp\/v2\/pages\/128"}],"collection":[{"href":"https:\/\/www.ulusiada.pt\/clima\/wp-json\/wp\/v2\/pages"}],"about":[{"href":"https:\/\/www.ulusiada.pt\/clima\/wp-json\/wp\/v2\/types\/page"}],"author":[{"embeddable":true,"href":"https:\/\/www.ulusiada.pt\/clima\/wp-json\/wp\/v2\/users\/1"}],"replies":[{"embeddable":true,"href":"https:\/\/www.ulusiada.pt\/clima\/wp-json\/wp\/v2\/comments?post=128"}],"version-history":[{"count":1,"href":"https:\/\/www.ulusiada.pt\/clima\/wp-json\/wp\/v2\/pages\/128\/revisions"}],"predecessor-version":[{"id":2878,"href":"https:\/\/www.ulusiada.pt\/clima\/wp-json\/wp\/v2\/pages\/128\/revisions\/2878"}],"up":[{"embeddable":true,"href":"https:\/\/www.ulusiada.pt\/clima\/wp-json\/wp\/v2\/pages\/63"}],"wp:attachment":[{"href":"https:\/\/www.ulusiada.pt\/clima\/wp-json\/wp\/v2\/media?parent=128"}],"curies":[{"name":"wp","href":"https:\/\/api.w.org\/{rel}","templated":true}]}}