{"id":1299,"date":"2012-05-27T13:10:02","date_gmt":"2012-05-27T13:10:02","guid":{"rendered":"http:\/\/www.ulusiada.pt\/clima\/?page_id=1299"},"modified":"2012-11-01T18:43:36","modified_gmt":"2012-11-01T18:43:36","slug":"lei-dos-servicais","status":"publish","type":"page","link":"https:\/\/www.ulusiada.pt\/clima\/ius-proprium-leis-gerais\/d-afonso-iv\/lei-dos-servicais\/","title":{"rendered":"Lei dos servi\u00e7ais"},"content":{"rendered":"<p>Lei contra os criados que abandonavam os amos, proibindo-se que o servi\u00e7al deixasse o seu senhor, antes de passado um ano de servi\u00e7o, se recebesse dele capa e saia ou cerame; igual proibi\u00e7\u00e3o era feita aos homens de besta, com as mesmas cl\u00e1usulas.<\/p>\n","protected":false},"excerpt":{"rendered":"<p>Lei contra os criados que abandonavam os amos, proibindo-se que o servi\u00e7al deixasse o seu senhor, antes de passado um ano de servi\u00e7o, se recebesse dele capa e saia ou cerame; igual proibi\u00e7\u00e3o era feita aos homens de besta, com &hellip; <a href=\"https:\/\/www.ulusiada.pt\/clima\/ius-proprium-leis-gerais\/d-afonso-iv\/lei-dos-servicais\/\">Continuar a ler <span class=\"meta-nav\">&rarr;<\/span><\/a><\/p>\n","protected":false},"author":1,"featured_media":0,"parent":99,"menu_order":42,"comment_status":"closed","ping_status":"open","template":"lei-page.php","meta":[],"acf":[],"_links":{"self":[{"href":"https:\/\/www.ulusiada.pt\/clima\/wp-json\/wp\/v2\/pages\/1299"}],"collection":[{"href":"https:\/\/www.ulusiada.pt\/clima\/wp-json\/wp\/v2\/pages"}],"about":[{"href":"https:\/\/www.ulusiada.pt\/clima\/wp-json\/wp\/v2\/types\/page"}],"author":[{"embeddable":true,"href":"https:\/\/www.ulusiada.pt\/clima\/wp-json\/wp\/v2\/users\/1"}],"replies":[{"embeddable":true,"href":"https:\/\/www.ulusiada.pt\/clima\/wp-json\/wp\/v2\/comments?post=1299"}],"version-history":[{"count":6,"href":"https:\/\/www.ulusiada.pt\/clima\/wp-json\/wp\/v2\/pages\/1299\/revisions"}],"predecessor-version":[{"id":1301,"href":"https:\/\/www.ulusiada.pt\/clima\/wp-json\/wp\/v2\/pages\/1299\/revisions\/1301"}],"up":[{"embeddable":true,"href":"https:\/\/www.ulusiada.pt\/clima\/wp-json\/wp\/v2\/pages\/99"}],"wp:attachment":[{"href":"https:\/\/www.ulusiada.pt\/clima\/wp-json\/wp\/v2\/media?parent=1299"}],"curies":[{"name":"wp","href":"https:\/\/api.w.org\/{rel}","templated":true}]}}