{"id":13,"date":"2012-02-10T17:51:35","date_gmt":"2012-02-10T17:51:35","guid":{"rendered":"http:\/\/www.ulusiada.pt\/clima\/?page_id=13"},"modified":"2023-03-06T15:45:57","modified_gmt":"2023-03-06T15:45:57","slug":"home","status":"publish","type":"page","link":"https:\/\/www.ulusiada.pt\/clima\/","title":{"rendered":"HOME"},"content":{"rendered":"<p>CLIMA (Corpus Legislativo da Idade M\u00e9dia Anotado) ser\u00e1 desenvolvido ao abrigo\u00a0de protocolos de colabora\u00e7\u00e3o entre as seguintes institui\u00e7\u00f5es:<\/p>\n<ul>\n<li>\n<div style=\"padding-left: 30px;\"><a title=\"http:\/\/www.lis.ulusiada.pt\/universidade\/investigacao\/CEJEA\/Cejea.aspx\" href=\"http:\/\/www.lis.ulusiada.pt\/universidade\/investigacao\/CEJEA\/Cejea.aspx\" target=\"_blank\" rel=\"noopener\"><strong>CEJEA &#8211; Centro de Estudos Jur\u00eddicos Econ\u00f3micos e Ambientais.<\/strong><br \/>\n<\/a> (Funda\u00e7\u00e3o Minerva \/ Universidades Lus\u00edada)<\/div>\n<\/li>\n<\/ul>\n<ul>\n<li>\n<div style=\"padding-left: 30px;\"><strong><a title=\"http:\/\/bancroft.berkeley.edu\/philobiblon\/bitagap_po.html\" href=\"http:\/\/bancroft.berkeley.edu\/philobiblon\/bitagap_po.html\" target=\"_blank\" rel=\"noopener\">BITAGAP &#8211; \u00a0Bibliografia de Textos Antigos Galegos e Portugueses<\/a>.<\/strong><br \/>\n(The Bancroft Library, University of California, Berkeley)<\/div>\n<\/li>\n<\/ul>\n<div style=\"padding-left: 30px;\"><\/div>\n<p>Com\u00a0a participa\u00e7\u00e3o de investigadores estrangeiros convidados da:<\/p>\n<ul>\n<li>\n<div style=\"padding-left: 30px;\">University of California (EUA).<\/div>\n<\/li>\n<\/ul>\n","protected":false},"excerpt":{"rendered":"<p>CLIMA (Corpus Legislativo da Idade M\u00e9dia Anotado) ser\u00e1 desenvolvido ao abrigo\u00a0de protocolos de colabora\u00e7\u00e3o entre as seguintes institui\u00e7\u00f5es: CEJEA &#8211; Centro de Estudos Jur\u00eddicos Econ\u00f3micos e Ambientais. (Funda\u00e7\u00e3o Minerva \/ Universidades Lus\u00edada) BITAGAP &#8211; \u00a0Bibliografia de Textos Antigos Galegos e &hellip; <a href=\"https:\/\/www.ulusiada.pt\/clima\/\">Continuar a ler <span class=\"meta-nav\">&rarr;<\/span><\/a><\/p>\n","protected":false},"author":1,"featured_media":46,"parent":0,"menu_order":18,"comment_status":"closed","ping_status":"closed","template":"sidebar-page.php","meta":[],"acf":[],"_links":{"self":[{"href":"https:\/\/www.ulusiada.pt\/clima\/wp-json\/wp\/v2\/pages\/13"}],"collection":[{"href":"https:\/\/www.ulusiada.pt\/clima\/wp-json\/wp\/v2\/pages"}],"about":[{"href":"https:\/\/www.ulusiada.pt\/clima\/wp-json\/wp\/v2\/types\/page"}],"author":[{"embeddable":true,"href":"https:\/\/www.ulusiada.pt\/clima\/wp-json\/wp\/v2\/users\/1"}],"replies":[{"embeddable":true,"href":"https:\/\/www.ulusiada.pt\/clima\/wp-json\/wp\/v2\/comments?post=13"}],"version-history":[{"count":12,"href":"https:\/\/www.ulusiada.pt\/clima\/wp-json\/wp\/v2\/pages\/13\/revisions"}],"predecessor-version":[{"id":4748,"href":"https:\/\/www.ulusiada.pt\/clima\/wp-json\/wp\/v2\/pages\/13\/revisions\/4748"}],"wp:featuredmedia":[{"embeddable":true,"href":"https:\/\/www.ulusiada.pt\/clima\/wp-json\/wp\/v2\/media\/46"}],"wp:attachment":[{"href":"https:\/\/www.ulusiada.pt\/clima\/wp-json\/wp\/v2\/media?parent=13"}],"curies":[{"name":"wp","href":"https:\/\/api.w.org\/{rel}","templated":true}]}}