{"id":1305,"date":"2012-05-27T13:33:28","date_gmt":"2012-05-27T13:33:28","guid":{"rendered":"http:\/\/www.ulusiada.pt\/clima\/?page_id=1305"},"modified":"2012-11-01T19:17:14","modified_gmt":"2012-11-01T19:17:14","slug":"lei-da-penhora","status":"publish","type":"page","link":"https:\/\/www.ulusiada.pt\/clima\/ius-proprium-leis-gerais\/d-afonso-iv\/lei-da-penhora\/","title":{"rendered":"Lei da penhora"},"content":{"rendered":"<p>Lei contra os que obrigam, sem licen\u00e7a, cavalos, armas, ou maravedis que recebiam do seu senhor: era uma lei destinada a coibir os abusos dos que pagavam import\u00e2ncias em d\u00edvida com as quantias que haviam de receber do rei ou do rico-homem para lhe prestarem servi\u00e7o militar.<\/p>\n","protected":false},"excerpt":{"rendered":"<p>Lei contra os que obrigam, sem licen\u00e7a, cavalos, armas, ou maravedis que recebiam do seu senhor: era uma lei destinada a coibir os abusos dos que pagavam import\u00e2ncias em d\u00edvida com as quantias que haviam de receber do rei ou &hellip; <a href=\"https:\/\/www.ulusiada.pt\/clima\/ius-proprium-leis-gerais\/d-afonso-iv\/lei-da-penhora\/\">Continuar a ler <span class=\"meta-nav\">&rarr;<\/span><\/a><\/p>\n","protected":false},"author":1,"featured_media":0,"parent":99,"menu_order":43,"comment_status":"closed","ping_status":"open","template":"lei-page.php","meta":[],"acf":[],"_links":{"self":[{"href":"https:\/\/www.ulusiada.pt\/clima\/wp-json\/wp\/v2\/pages\/1305"}],"collection":[{"href":"https:\/\/www.ulusiada.pt\/clima\/wp-json\/wp\/v2\/pages"}],"about":[{"href":"https:\/\/www.ulusiada.pt\/clima\/wp-json\/wp\/v2\/types\/page"}],"author":[{"embeddable":true,"href":"https:\/\/www.ulusiada.pt\/clima\/wp-json\/wp\/v2\/users\/1"}],"replies":[{"embeddable":true,"href":"https:\/\/www.ulusiada.pt\/clima\/wp-json\/wp\/v2\/comments?post=1305"}],"version-history":[{"count":5,"href":"https:\/\/www.ulusiada.pt\/clima\/wp-json\/wp\/v2\/pages\/1305\/revisions"}],"predecessor-version":[{"id":1307,"href":"https:\/\/www.ulusiada.pt\/clima\/wp-json\/wp\/v2\/pages\/1305\/revisions\/1307"}],"up":[{"embeddable":true,"href":"https:\/\/www.ulusiada.pt\/clima\/wp-json\/wp\/v2\/pages\/99"}],"wp:attachment":[{"href":"https:\/\/www.ulusiada.pt\/clima\/wp-json\/wp\/v2\/media?parent=1305"}],"curies":[{"name":"wp","href":"https:\/\/api.w.org\/{rel}","templated":true}]}}