{"id":131,"date":"2012-03-06T15:07:10","date_gmt":"2012-03-06T15:07:10","guid":{"rendered":"http:\/\/www.ulusiada.pt\/clima\/?page_id=131"},"modified":"2012-10-09T16:30:07","modified_gmt":"2012-10-09T16:30:07","slug":"d-manuel-i","status":"publish","type":"page","link":"https:\/\/www.ulusiada.pt\/clima\/ius-proprium-leis-gerais\/d-manuel-i\/","title":{"rendered":"D. Manuel I (1495-1521)"},"content":{"rendered":"<p><a href=\"http:\/\/www.ulusiada.pt\/clima\/wp-content\/uploads\/2012\/03\/01_manuel11.jpg\"><img decoding=\"async\" loading=\"lazy\" class=\"alignleft size-full wp-image-2879\" title=\"01_manuel1\" src=\"http:\/\/www.ulusiada.pt\/clima\/wp-content\/uploads\/2012\/03\/01_manuel11.jpg\" alt=\"\" width=\"239\" height=\"300\" \/><\/a><\/p>\n<p><strong>&#8220;offi\u00e7io do Rei n\u00e3o he outra cousa sen\u00e3o reger bem e gouernar seus subditos em justi\u00e7a e igualdade ha qual n\u00e3o he somente dar a cada hum ho que seu for mas ainda n\u00e3o leixar acquirir nem leuar nem tomar ha ninguem sen\u00e3o ho que a cada hum direitamente perten\u00e7e&#8221;<\/strong><\/p>\n<p>(IAN\/TT &#8211; Livro dos Forais Novos da Estremadura, In\u00edcio)<\/p>\n","protected":false},"excerpt":{"rendered":"<p>&#8220;offi\u00e7io do Rei n\u00e3o he outra cousa sen\u00e3o reger bem e gouernar seus subditos em justi\u00e7a e igualdade ha qual n\u00e3o he somente dar a cada hum ho que seu for mas ainda n\u00e3o leixar acquirir nem leuar nem tomar &hellip; <a href=\"https:\/\/www.ulusiada.pt\/clima\/ius-proprium-leis-gerais\/d-manuel-i\/\">Continuar a ler <span class=\"meta-nav\">&rarr;<\/span><\/a><\/p>\n","protected":false},"author":1,"featured_media":0,"parent":63,"menu_order":15,"comment_status":"closed","ping_status":"closed","template":"rei-page.php","meta":[],"acf":[],"_links":{"self":[{"href":"https:\/\/www.ulusiada.pt\/clima\/wp-json\/wp\/v2\/pages\/131"}],"collection":[{"href":"https:\/\/www.ulusiada.pt\/clima\/wp-json\/wp\/v2\/pages"}],"about":[{"href":"https:\/\/www.ulusiada.pt\/clima\/wp-json\/wp\/v2\/types\/page"}],"author":[{"embeddable":true,"href":"https:\/\/www.ulusiada.pt\/clima\/wp-json\/wp\/v2\/users\/1"}],"replies":[{"embeddable":true,"href":"https:\/\/www.ulusiada.pt\/clima\/wp-json\/wp\/v2\/comments?post=131"}],"version-history":[{"count":3,"href":"https:\/\/www.ulusiada.pt\/clima\/wp-json\/wp\/v2\/pages\/131\/revisions"}],"predecessor-version":[{"id":2544,"href":"https:\/\/www.ulusiada.pt\/clima\/wp-json\/wp\/v2\/pages\/131\/revisions\/2544"}],"up":[{"embeddable":true,"href":"https:\/\/www.ulusiada.pt\/clima\/wp-json\/wp\/v2\/pages\/63"}],"wp:attachment":[{"href":"https:\/\/www.ulusiada.pt\/clima\/wp-json\/wp\/v2\/media?parent=131"}],"curies":[{"name":"wp","href":"https:\/\/api.w.org\/{rel}","templated":true}]}}