{"id":1314,"date":"2012-05-27T14:51:58","date_gmt":"2012-05-27T14:51:58","guid":{"rendered":"http:\/\/www.ulusiada.pt\/clima\/?page_id=1314"},"modified":"2012-05-27T14:58:54","modified_gmt":"2012-05-27T14:58:54","slug":"lei-dos-tesouros","status":"publish","type":"page","link":"https:\/\/www.ulusiada.pt\/clima\/ius-proprium-leis-gerais\/d-afonso-iv\/lei-dos-tesouros\/","title":{"rendered":"Lei dos tesouros"},"content":{"rendered":"<p>Revoga\u00e7\u00e3o de uma lei anterior, que concedia ao rei o ter\u00e7o de todos os achados nas propriedades particulares.<\/p>\n","protected":false},"excerpt":{"rendered":"<p>Revoga\u00e7\u00e3o de uma lei anterior, que concedia ao rei o ter\u00e7o de todos os achados nas propriedades particulares.<\/p>\n","protected":false},"author":1,"featured_media":0,"parent":99,"menu_order":45,"comment_status":"closed","ping_status":"open","template":"lei-page.php","meta":[],"acf":[],"_links":{"self":[{"href":"https:\/\/www.ulusiada.pt\/clima\/wp-json\/wp\/v2\/pages\/1314"}],"collection":[{"href":"https:\/\/www.ulusiada.pt\/clima\/wp-json\/wp\/v2\/pages"}],"about":[{"href":"https:\/\/www.ulusiada.pt\/clima\/wp-json\/wp\/v2\/types\/page"}],"author":[{"embeddable":true,"href":"https:\/\/www.ulusiada.pt\/clima\/wp-json\/wp\/v2\/users\/1"}],"replies":[{"embeddable":true,"href":"https:\/\/www.ulusiada.pt\/clima\/wp-json\/wp\/v2\/comments?post=1314"}],"version-history":[{"count":4,"href":"https:\/\/www.ulusiada.pt\/clima\/wp-json\/wp\/v2\/pages\/1314\/revisions"}],"predecessor-version":[{"id":1316,"href":"https:\/\/www.ulusiada.pt\/clima\/wp-json\/wp\/v2\/pages\/1314\/revisions\/1316"}],"up":[{"embeddable":true,"href":"https:\/\/www.ulusiada.pt\/clima\/wp-json\/wp\/v2\/pages\/99"}],"wp:attachment":[{"href":"https:\/\/www.ulusiada.pt\/clima\/wp-json\/wp\/v2\/media?parent=1314"}],"curies":[{"name":"wp","href":"https:\/\/api.w.org\/{rel}","templated":true}]}}