{"id":1335,"date":"2012-05-27T16:14:31","date_gmt":"2012-05-27T16:14:31","guid":{"rendered":"http:\/\/www.ulusiada.pt\/clima\/?page_id=1335"},"modified":"2012-05-27T16:14:31","modified_gmt":"2012-05-27T16:14:31","slug":"lei-das-devassas","status":"publish","type":"page","link":"https:\/\/www.ulusiada.pt\/clima\/ius-proprium-leis-gerais\/d-afonso-iv\/lei-das-devassas\/","title":{"rendered":"Lei das devassas"},"content":{"rendered":"<p>Lei que imp\u00f5e que se tirem inquiri\u00e7\u00f5es devassas sobre mortes, furtos e roubos.<\/p>\n","protected":false},"excerpt":{"rendered":"<p>Lei que imp\u00f5e que se tirem inquiri\u00e7\u00f5es devassas sobre mortes, furtos e roubos.<\/p>\n","protected":false},"author":1,"featured_media":0,"parent":99,"menu_order":50,"comment_status":"closed","ping_status":"open","template":"lei-page.php","meta":[],"acf":[],"_links":{"self":[{"href":"https:\/\/www.ulusiada.pt\/clima\/wp-json\/wp\/v2\/pages\/1335"}],"collection":[{"href":"https:\/\/www.ulusiada.pt\/clima\/wp-json\/wp\/v2\/pages"}],"about":[{"href":"https:\/\/www.ulusiada.pt\/clima\/wp-json\/wp\/v2\/types\/page"}],"author":[{"embeddable":true,"href":"https:\/\/www.ulusiada.pt\/clima\/wp-json\/wp\/v2\/users\/1"}],"replies":[{"embeddable":true,"href":"https:\/\/www.ulusiada.pt\/clima\/wp-json\/wp\/v2\/comments?post=1335"}],"version-history":[{"count":2,"href":"https:\/\/www.ulusiada.pt\/clima\/wp-json\/wp\/v2\/pages\/1335\/revisions"}],"predecessor-version":[{"id":1337,"href":"https:\/\/www.ulusiada.pt\/clima\/wp-json\/wp\/v2\/pages\/1335\/revisions\/1337"}],"up":[{"embeddable":true,"href":"https:\/\/www.ulusiada.pt\/clima\/wp-json\/wp\/v2\/pages\/99"}],"wp:attachment":[{"href":"https:\/\/www.ulusiada.pt\/clima\/wp-json\/wp\/v2\/media?parent=1335"}],"curies":[{"name":"wp","href":"https:\/\/api.w.org\/{rel}","templated":true}]}}