{"id":1339,"date":"2012-07-05T17:06:46","date_gmt":"2012-07-05T17:06:46","guid":{"rendered":"http:\/\/www.ulusiada.pt\/clima\/?page_id=1339"},"modified":"2012-11-01T19:21:38","modified_gmt":"2012-11-01T19:21:38","slug":"leidocontrabando","status":"publish","type":"page","link":"https:\/\/www.ulusiada.pt\/clima\/ius-proprium-leis-gerais\/d-afonso-iv\/leidocontrabando\/","title":{"rendered":"Lei do contrabando"},"content":{"rendered":"<p>Lei que pro\u00edbe que se tire para fora do reino ouro, prata, cavalos, armas e outras coisas, sem licen\u00e7a r\u00e9gia.<\/p>\n","protected":false},"excerpt":{"rendered":"<p>Lei que pro\u00edbe que se tire para fora do reino ouro, prata, cavalos, armas e outras coisas, sem licen\u00e7a r\u00e9gia.<\/p>\n","protected":false},"author":1,"featured_media":0,"parent":99,"menu_order":51,"comment_status":"closed","ping_status":"open","template":"lei-page.php","meta":[],"acf":[],"_links":{"self":[{"href":"https:\/\/www.ulusiada.pt\/clima\/wp-json\/wp\/v2\/pages\/1339"}],"collection":[{"href":"https:\/\/www.ulusiada.pt\/clima\/wp-json\/wp\/v2\/pages"}],"about":[{"href":"https:\/\/www.ulusiada.pt\/clima\/wp-json\/wp\/v2\/types\/page"}],"author":[{"embeddable":true,"href":"https:\/\/www.ulusiada.pt\/clima\/wp-json\/wp\/v2\/users\/1"}],"replies":[{"embeddable":true,"href":"https:\/\/www.ulusiada.pt\/clima\/wp-json\/wp\/v2\/comments?post=1339"}],"version-history":[{"count":8,"href":"https:\/\/www.ulusiada.pt\/clima\/wp-json\/wp\/v2\/pages\/1339\/revisions"}],"predecessor-version":[{"id":1341,"href":"https:\/\/www.ulusiada.pt\/clima\/wp-json\/wp\/v2\/pages\/1339\/revisions\/1341"}],"up":[{"embeddable":true,"href":"https:\/\/www.ulusiada.pt\/clima\/wp-json\/wp\/v2\/pages\/99"}],"wp:attachment":[{"href":"https:\/\/www.ulusiada.pt\/clima\/wp-json\/wp\/v2\/media?parent=1339"}],"curies":[{"name":"wp","href":"https:\/\/api.w.org\/{rel}","templated":true}]}}