{"id":1344,"date":"2012-07-05T17:43:30","date_gmt":"2012-07-05T17:43:30","guid":{"rendered":"http:\/\/www.ulusiada.pt\/clima\/?page_id=1344"},"modified":"2012-07-05T18:19:02","modified_gmt":"2012-07-05T18:19:02","slug":"lei-da-citacao-2","status":"publish","type":"page","link":"https:\/\/www.ulusiada.pt\/clima\/ius-proprium-leis-gerais\/d-afonso-iv\/lei-da-citacao-2\/","title":{"rendered":"Lei da cita\u00e7\u00e3o"},"content":{"rendered":"<p>Que se n\u00e3o d\u00ea carta para citar corregedor ou juiz, durante o exerc\u00edcio do seu of\u00edcio, sem mandato de el-rei.<\/p>\n","protected":false},"excerpt":{"rendered":"<p>Que se n\u00e3o d\u00ea carta para citar corregedor ou juiz, durante o exerc\u00edcio do seu of\u00edcio, sem mandato de el-rei.<\/p>\n","protected":false},"author":1,"featured_media":0,"parent":99,"menu_order":52,"comment_status":"closed","ping_status":"open","template":"lei-page.php","meta":[],"acf":[],"_links":{"self":[{"href":"https:\/\/www.ulusiada.pt\/clima\/wp-json\/wp\/v2\/pages\/1344"}],"collection":[{"href":"https:\/\/www.ulusiada.pt\/clima\/wp-json\/wp\/v2\/pages"}],"about":[{"href":"https:\/\/www.ulusiada.pt\/clima\/wp-json\/wp\/v2\/types\/page"}],"author":[{"embeddable":true,"href":"https:\/\/www.ulusiada.pt\/clima\/wp-json\/wp\/v2\/users\/1"}],"replies":[{"embeddable":true,"href":"https:\/\/www.ulusiada.pt\/clima\/wp-json\/wp\/v2\/comments?post=1344"}],"version-history":[{"count":5,"href":"https:\/\/www.ulusiada.pt\/clima\/wp-json\/wp\/v2\/pages\/1344\/revisions"}],"predecessor-version":[{"id":1346,"href":"https:\/\/www.ulusiada.pt\/clima\/wp-json\/wp\/v2\/pages\/1344\/revisions\/1346"}],"up":[{"embeddable":true,"href":"https:\/\/www.ulusiada.pt\/clima\/wp-json\/wp\/v2\/pages\/99"}],"wp:attachment":[{"href":"https:\/\/www.ulusiada.pt\/clima\/wp-json\/wp\/v2\/media?parent=1344"}],"curies":[{"name":"wp","href":"https:\/\/api.w.org\/{rel}","templated":true}]}}