{"id":1368,"date":"2012-07-06T10:27:16","date_gmt":"2012-07-06T10:27:16","guid":{"rendered":"http:\/\/www.ulusiada.pt\/clima\/?page_id=1368"},"modified":"2012-07-06T10:50:57","modified_gmt":"2012-07-06T10:50:57","slug":"lei-das-execucoes-2","status":"publish","type":"page","link":"https:\/\/www.ulusiada.pt\/clima\/ius-proprium-leis-gerais\/d-afonso-iv\/lei-das-execucoes-2\/","title":{"rendered":"Lei das execu\u00e7\u00f5es"},"content":{"rendered":"<p>Lei que manda que os ju\u00edzes das terras admitam embargos contra as execu\u00e7\u00f5es feitas pelos porteiros ou sacadores, desde que aparentem ser justos.<\/p>\n","protected":false},"excerpt":{"rendered":"<p>Lei que manda que os ju\u00edzes das terras admitam embargos contra as execu\u00e7\u00f5es feitas pelos porteiros ou sacadores, desde que aparentem ser justos.<\/p>\n","protected":false},"author":1,"featured_media":0,"parent":99,"menu_order":55,"comment_status":"closed","ping_status":"open","template":"lei-page.php","meta":[],"acf":[],"_links":{"self":[{"href":"https:\/\/www.ulusiada.pt\/clima\/wp-json\/wp\/v2\/pages\/1368"}],"collection":[{"href":"https:\/\/www.ulusiada.pt\/clima\/wp-json\/wp\/v2\/pages"}],"about":[{"href":"https:\/\/www.ulusiada.pt\/clima\/wp-json\/wp\/v2\/types\/page"}],"author":[{"embeddable":true,"href":"https:\/\/www.ulusiada.pt\/clima\/wp-json\/wp\/v2\/users\/1"}],"replies":[{"embeddable":true,"href":"https:\/\/www.ulusiada.pt\/clima\/wp-json\/wp\/v2\/comments?post=1368"}],"version-history":[{"count":4,"href":"https:\/\/www.ulusiada.pt\/clima\/wp-json\/wp\/v2\/pages\/1368\/revisions"}],"predecessor-version":[{"id":1370,"href":"https:\/\/www.ulusiada.pt\/clima\/wp-json\/wp\/v2\/pages\/1368\/revisions\/1370"}],"up":[{"embeddable":true,"href":"https:\/\/www.ulusiada.pt\/clima\/wp-json\/wp\/v2\/pages\/99"}],"wp:attachment":[{"href":"https:\/\/www.ulusiada.pt\/clima\/wp-json\/wp\/v2\/media?parent=1368"}],"curies":[{"name":"wp","href":"https:\/\/api.w.org\/{rel}","templated":true}]}}