{"id":1373,"date":"2012-07-06T11:00:33","date_gmt":"2012-07-06T11:00:33","guid":{"rendered":"http:\/\/www.ulusiada.pt\/clima\/?page_id=1373"},"modified":"2012-07-06T11:12:52","modified_gmt":"2012-07-06T11:12:52","slug":"lei-das-custas","status":"publish","type":"page","link":"https:\/\/www.ulusiada.pt\/clima\/ius-proprium-leis-gerais\/d-afonso-iv\/lei-das-custas\/","title":{"rendered":"Lei das custas"},"content":{"rendered":"<p>Lei que proibe pagar d\u00edzima segunda vez das cartas de execu\u00e7\u00e3o nos casos em que j\u00e1 anteriormente haja sido paga.<\/p>\n","protected":false},"excerpt":{"rendered":"<p>Lei que proibe pagar d\u00edzima segunda vez das cartas de execu\u00e7\u00e3o nos casos em que j\u00e1 anteriormente haja sido paga.<\/p>\n","protected":false},"author":1,"featured_media":0,"parent":99,"menu_order":56,"comment_status":"closed","ping_status":"open","template":"lei-page.php","meta":[],"acf":[],"_links":{"self":[{"href":"https:\/\/www.ulusiada.pt\/clima\/wp-json\/wp\/v2\/pages\/1373"}],"collection":[{"href":"https:\/\/www.ulusiada.pt\/clima\/wp-json\/wp\/v2\/pages"}],"about":[{"href":"https:\/\/www.ulusiada.pt\/clima\/wp-json\/wp\/v2\/types\/page"}],"author":[{"embeddable":true,"href":"https:\/\/www.ulusiada.pt\/clima\/wp-json\/wp\/v2\/users\/1"}],"replies":[{"embeddable":true,"href":"https:\/\/www.ulusiada.pt\/clima\/wp-json\/wp\/v2\/comments?post=1373"}],"version-history":[{"count":6,"href":"https:\/\/www.ulusiada.pt\/clima\/wp-json\/wp\/v2\/pages\/1373\/revisions"}],"predecessor-version":[{"id":1375,"href":"https:\/\/www.ulusiada.pt\/clima\/wp-json\/wp\/v2\/pages\/1373\/revisions\/1375"}],"up":[{"embeddable":true,"href":"https:\/\/www.ulusiada.pt\/clima\/wp-json\/wp\/v2\/pages\/99"}],"wp:attachment":[{"href":"https:\/\/www.ulusiada.pt\/clima\/wp-json\/wp\/v2\/media?parent=1373"}],"curies":[{"name":"wp","href":"https:\/\/api.w.org\/{rel}","templated":true}]}}