{"id":1404,"date":"2012-07-07T10:16:59","date_gmt":"2012-07-07T10:16:59","guid":{"rendered":"http:\/\/www.ulusiada.pt\/clima\/?page_id=1404"},"modified":"2012-07-07T13:31:47","modified_gmt":"2012-07-07T13:31:47","slug":"lei-das-barregas-dos-casados","status":"publish","type":"page","link":"https:\/\/www.ulusiada.pt\/clima\/ius-proprium-leis-gerais\/d-afonso-iv\/lei-das-barregas-dos-casados\/","title":{"rendered":"Lei das barreg\u00e3s dos casados"},"content":{"rendered":"<p>Lei com as penas para os homens casados que tiverem barreg\u00e3 <em>theuda<\/em> e n\u00e3o se separarem no prazo de trinta dias: se for homem honrado com of\u00edcio, pela primeira vez, perca o of\u00edcio; se n\u00e3o tiver of\u00edcio, seja a\u00e7outado publicamente; pela segunda vez, ele seja condenado \u00e0 morte e a barreg\u00e3 a\u00e7outada e expulsa da vila.<\/p>\n","protected":false},"excerpt":{"rendered":"<p>Lei com as penas para os homens casados que tiverem barreg\u00e3 theuda e n\u00e3o se separarem no prazo de trinta dias: se for homem honrado com of\u00edcio, pela primeira vez, perca o of\u00edcio; se n\u00e3o tiver of\u00edcio, seja a\u00e7outado publicamente; &hellip; <a href=\"https:\/\/www.ulusiada.pt\/clima\/ius-proprium-leis-gerais\/d-afonso-iv\/lei-das-barregas-dos-casados\/\">Continuar a ler <span class=\"meta-nav\">&rarr;<\/span><\/a><\/p>\n","protected":false},"author":1,"featured_media":0,"parent":99,"menu_order":61,"comment_status":"closed","ping_status":"open","template":"lei-page.php","meta":[],"acf":[],"_links":{"self":[{"href":"https:\/\/www.ulusiada.pt\/clima\/wp-json\/wp\/v2\/pages\/1404"}],"collection":[{"href":"https:\/\/www.ulusiada.pt\/clima\/wp-json\/wp\/v2\/pages"}],"about":[{"href":"https:\/\/www.ulusiada.pt\/clima\/wp-json\/wp\/v2\/types\/page"}],"author":[{"embeddable":true,"href":"https:\/\/www.ulusiada.pt\/clima\/wp-json\/wp\/v2\/users\/1"}],"replies":[{"embeddable":true,"href":"https:\/\/www.ulusiada.pt\/clima\/wp-json\/wp\/v2\/comments?post=1404"}],"version-history":[{"count":7,"href":"https:\/\/www.ulusiada.pt\/clima\/wp-json\/wp\/v2\/pages\/1404\/revisions"}],"predecessor-version":[{"id":1406,"href":"https:\/\/www.ulusiada.pt\/clima\/wp-json\/wp\/v2\/pages\/1404\/revisions\/1406"}],"up":[{"embeddable":true,"href":"https:\/\/www.ulusiada.pt\/clima\/wp-json\/wp\/v2\/pages\/99"}],"wp:attachment":[{"href":"https:\/\/www.ulusiada.pt\/clima\/wp-json\/wp\/v2\/media?parent=1404"}],"curies":[{"name":"wp","href":"https:\/\/api.w.org\/{rel}","templated":true}]}}