{"id":1412,"date":"2012-07-07T13:52:02","date_gmt":"2012-07-07T13:52:02","guid":{"rendered":"http:\/\/www.ulusiada.pt\/clima\/?page_id=1412"},"modified":"2012-11-01T16:57:08","modified_gmt":"2012-11-01T16:57:08","slug":"lei-do-patrimonio-das-viuvas","status":"publish","type":"page","link":"https:\/\/www.ulusiada.pt\/clima\/ius-proprium-leis-gerais\/d-afonso-iv\/lei-do-patrimonio-das-viuvas\/","title":{"rendered":"Lei do patrim\u00f3nio das vi\u00favas"},"content":{"rendered":"<p>Medidas para obviar a situa\u00e7\u00e3o das mulheres que desbaratam os bens, ap\u00f3s a morte dos seus\u00a0maridos.<\/p>\n","protected":false},"excerpt":{"rendered":"<p>Medidas para obviar a situa\u00e7\u00e3o das mulheres que desbaratam os bens, ap\u00f3s a morte dos seus\u00a0maridos.<\/p>\n","protected":false},"author":1,"featured_media":0,"parent":99,"menu_order":62,"comment_status":"closed","ping_status":"open","template":"lei-page.php","meta":[],"acf":[],"_links":{"self":[{"href":"https:\/\/www.ulusiada.pt\/clima\/wp-json\/wp\/v2\/pages\/1412"}],"collection":[{"href":"https:\/\/www.ulusiada.pt\/clima\/wp-json\/wp\/v2\/pages"}],"about":[{"href":"https:\/\/www.ulusiada.pt\/clima\/wp-json\/wp\/v2\/types\/page"}],"author":[{"embeddable":true,"href":"https:\/\/www.ulusiada.pt\/clima\/wp-json\/wp\/v2\/users\/1"}],"replies":[{"embeddable":true,"href":"https:\/\/www.ulusiada.pt\/clima\/wp-json\/wp\/v2\/comments?post=1412"}],"version-history":[{"count":4,"href":"https:\/\/www.ulusiada.pt\/clima\/wp-json\/wp\/v2\/pages\/1412\/revisions"}],"predecessor-version":[{"id":1414,"href":"https:\/\/www.ulusiada.pt\/clima\/wp-json\/wp\/v2\/pages\/1412\/revisions\/1414"}],"up":[{"embeddable":true,"href":"https:\/\/www.ulusiada.pt\/clima\/wp-json\/wp\/v2\/pages\/99"}],"wp:attachment":[{"href":"https:\/\/www.ulusiada.pt\/clima\/wp-json\/wp\/v2\/media?parent=1412"}],"curies":[{"name":"wp","href":"https:\/\/api.w.org\/{rel}","templated":true}]}}