{"id":1416,"date":"2012-07-07T15:04:35","date_gmt":"2012-07-07T15:04:35","guid":{"rendered":"http:\/\/www.ulusiada.pt\/clima\/?page_id=1416"},"modified":"2012-07-07T15:29:52","modified_gmt":"2012-07-07T15:29:52","slug":"lei-das-querelas-dos-clerigos","status":"publish","type":"page","link":"https:\/\/www.ulusiada.pt\/clima\/ius-proprium-leis-gerais\/d-afonso-iv\/lei-das-querelas-dos-clerigos\/","title":{"rendered":"Lei das querelas dos cl\u00e9rigos"},"content":{"rendered":"<p>Que as justi\u00e7as n\u00e3o recebam aos cl\u00e9rigos querelas nem acusa\u00e7\u00f5es de leigos se n\u00e3o derem fiadores leigos.<\/p>\n","protected":false},"excerpt":{"rendered":"<p>Que as justi\u00e7as n\u00e3o recebam aos cl\u00e9rigos querelas nem acusa\u00e7\u00f5es de leigos se n\u00e3o derem fiadores leigos.<\/p>\n","protected":false},"author":1,"featured_media":0,"parent":99,"menu_order":63,"comment_status":"closed","ping_status":"open","template":"lei-page.php","meta":[],"acf":[],"_links":{"self":[{"href":"https:\/\/www.ulusiada.pt\/clima\/wp-json\/wp\/v2\/pages\/1416"}],"collection":[{"href":"https:\/\/www.ulusiada.pt\/clima\/wp-json\/wp\/v2\/pages"}],"about":[{"href":"https:\/\/www.ulusiada.pt\/clima\/wp-json\/wp\/v2\/types\/page"}],"author":[{"embeddable":true,"href":"https:\/\/www.ulusiada.pt\/clima\/wp-json\/wp\/v2\/users\/1"}],"replies":[{"embeddable":true,"href":"https:\/\/www.ulusiada.pt\/clima\/wp-json\/wp\/v2\/comments?post=1416"}],"version-history":[{"count":5,"href":"https:\/\/www.ulusiada.pt\/clima\/wp-json\/wp\/v2\/pages\/1416\/revisions"}],"predecessor-version":[{"id":1418,"href":"https:\/\/www.ulusiada.pt\/clima\/wp-json\/wp\/v2\/pages\/1416\/revisions\/1418"}],"up":[{"embeddable":true,"href":"https:\/\/www.ulusiada.pt\/clima\/wp-json\/wp\/v2\/pages\/99"}],"wp:attachment":[{"href":"https:\/\/www.ulusiada.pt\/clima\/wp-json\/wp\/v2\/media?parent=1416"}],"curies":[{"name":"wp","href":"https:\/\/api.w.org\/{rel}","templated":true}]}}