{"id":1432,"date":"2012-07-07T16:31:48","date_gmt":"2012-07-07T16:31:48","guid":{"rendered":"http:\/\/www.ulusiada.pt\/clima\/?page_id=1432"},"modified":"2012-07-07T16:36:44","modified_gmt":"2012-07-07T16:36:44","slug":"quitacao-da-pena-do-edito","status":"publish","type":"page","link":"https:\/\/www.ulusiada.pt\/clima\/ius-proprium-leis-gerais\/d-afonso-iv\/quitacao-da-pena-do-edito\/","title":{"rendered":"Quita\u00e7\u00e3o da pena do \u00c9dito"},"content":{"rendered":"<p>Quita\u00e7\u00e3o da pena prevista aos fidalgos que n\u00e3o comparecerem ao <em>\u00c9dito<\/em>.<\/p>\n","protected":false},"excerpt":{"rendered":"<p>Quita\u00e7\u00e3o da pena prevista aos fidalgos que n\u00e3o comparecerem ao \u00c9dito.<\/p>\n","protected":false},"author":1,"featured_media":0,"parent":99,"menu_order":65,"comment_status":"closed","ping_status":"open","template":"lei-page.php","meta":[],"acf":[],"_links":{"self":[{"href":"https:\/\/www.ulusiada.pt\/clima\/wp-json\/wp\/v2\/pages\/1432"}],"collection":[{"href":"https:\/\/www.ulusiada.pt\/clima\/wp-json\/wp\/v2\/pages"}],"about":[{"href":"https:\/\/www.ulusiada.pt\/clima\/wp-json\/wp\/v2\/types\/page"}],"author":[{"embeddable":true,"href":"https:\/\/www.ulusiada.pt\/clima\/wp-json\/wp\/v2\/users\/1"}],"replies":[{"embeddable":true,"href":"https:\/\/www.ulusiada.pt\/clima\/wp-json\/wp\/v2\/comments?post=1432"}],"version-history":[{"count":3,"href":"https:\/\/www.ulusiada.pt\/clima\/wp-json\/wp\/v2\/pages\/1432\/revisions"}],"predecessor-version":[{"id":1434,"href":"https:\/\/www.ulusiada.pt\/clima\/wp-json\/wp\/v2\/pages\/1432\/revisions\/1434"}],"up":[{"embeddable":true,"href":"https:\/\/www.ulusiada.pt\/clima\/wp-json\/wp\/v2\/pages\/99"}],"wp:attachment":[{"href":"https:\/\/www.ulusiada.pt\/clima\/wp-json\/wp\/v2\/media?parent=1432"}],"curies":[{"name":"wp","href":"https:\/\/api.w.org\/{rel}","templated":true}]}}