{"id":1470,"date":"2012-07-08T18:35:35","date_gmt":"2012-07-08T18:35:35","guid":{"rendered":"http:\/\/www.ulusiada.pt\/clima\/?page_id=1470"},"modified":"2012-07-08T18:35:52","modified_gmt":"2012-07-08T18:35:52","slug":"lei-dos-testamentos","status":"publish","type":"page","link":"https:\/\/www.ulusiada.pt\/clima\/ius-proprium-leis-gerais\/d-afonso-iv\/lei-dos-testamentos\/","title":{"rendered":"Lei dos testamentos"},"content":{"rendered":"<p>Lei para que os testamentos sejam publicados perante os ju\u00edzes leigos e que n\u00e3o valham as publica\u00e7\u00f5es dos vig\u00e1rios da Igreja.<\/p>\n","protected":false},"excerpt":{"rendered":"<p>Lei para que os testamentos sejam publicados perante os ju\u00edzes leigos e que n\u00e3o valham as publica\u00e7\u00f5es dos vig\u00e1rios da Igreja.<\/p>\n","protected":false},"author":1,"featured_media":0,"parent":99,"menu_order":73,"comment_status":"closed","ping_status":"open","template":"lei-page.php","meta":[],"acf":[],"_links":{"self":[{"href":"https:\/\/www.ulusiada.pt\/clima\/wp-json\/wp\/v2\/pages\/1470"}],"collection":[{"href":"https:\/\/www.ulusiada.pt\/clima\/wp-json\/wp\/v2\/pages"}],"about":[{"href":"https:\/\/www.ulusiada.pt\/clima\/wp-json\/wp\/v2\/types\/page"}],"author":[{"embeddable":true,"href":"https:\/\/www.ulusiada.pt\/clima\/wp-json\/wp\/v2\/users\/1"}],"replies":[{"embeddable":true,"href":"https:\/\/www.ulusiada.pt\/clima\/wp-json\/wp\/v2\/comments?post=1470"}],"version-history":[{"count":3,"href":"https:\/\/www.ulusiada.pt\/clima\/wp-json\/wp\/v2\/pages\/1470\/revisions"}],"predecessor-version":[{"id":1472,"href":"https:\/\/www.ulusiada.pt\/clima\/wp-json\/wp\/v2\/pages\/1470\/revisions\/1472"}],"up":[{"embeddable":true,"href":"https:\/\/www.ulusiada.pt\/clima\/wp-json\/wp\/v2\/pages\/99"}],"wp:attachment":[{"href":"https:\/\/www.ulusiada.pt\/clima\/wp-json\/wp\/v2\/media?parent=1470"}],"curies":[{"name":"wp","href":"https:\/\/api.w.org\/{rel}","templated":true}]}}