{"id":1474,"date":"2012-07-08T18:44:00","date_gmt":"2012-07-08T18:44:00","guid":{"rendered":"http:\/\/www.ulusiada.pt\/clima\/?page_id=1474"},"modified":"2012-07-08T18:45:32","modified_gmt":"2012-07-08T18:45:32","slug":"lei-execucoes-dos-judeus","status":"publish","type":"page","link":"https:\/\/www.ulusiada.pt\/clima\/ius-proprium-leis-gerais\/d-afonso-iv\/lei-execucoes-dos-judeus\/","title":{"rendered":"Lei execu\u00e7\u00f5es dos judeus"},"content":{"rendered":"<p>Lei que pro\u00edbe os judeus de fazerem execu\u00e7\u00f5es por instrumentos feitos por judeus, sem o pr\u00e9vio mandato r\u00e9gio.<\/p>\n","protected":false},"excerpt":{"rendered":"<p>Lei que pro\u00edbe os judeus de fazerem execu\u00e7\u00f5es por instrumentos feitos por judeus, sem o pr\u00e9vio mandato r\u00e9gio.<\/p>\n","protected":false},"author":1,"featured_media":0,"parent":99,"menu_order":74,"comment_status":"closed","ping_status":"open","template":"lei-page.php","meta":[],"acf":[],"_links":{"self":[{"href":"https:\/\/www.ulusiada.pt\/clima\/wp-json\/wp\/v2\/pages\/1474"}],"collection":[{"href":"https:\/\/www.ulusiada.pt\/clima\/wp-json\/wp\/v2\/pages"}],"about":[{"href":"https:\/\/www.ulusiada.pt\/clima\/wp-json\/wp\/v2\/types\/page"}],"author":[{"embeddable":true,"href":"https:\/\/www.ulusiada.pt\/clima\/wp-json\/wp\/v2\/users\/1"}],"replies":[{"embeddable":true,"href":"https:\/\/www.ulusiada.pt\/clima\/wp-json\/wp\/v2\/comments?post=1474"}],"version-history":[{"count":3,"href":"https:\/\/www.ulusiada.pt\/clima\/wp-json\/wp\/v2\/pages\/1474\/revisions"}],"predecessor-version":[{"id":1476,"href":"https:\/\/www.ulusiada.pt\/clima\/wp-json\/wp\/v2\/pages\/1474\/revisions\/1476"}],"up":[{"embeddable":true,"href":"https:\/\/www.ulusiada.pt\/clima\/wp-json\/wp\/v2\/pages\/99"}],"wp:attachment":[{"href":"https:\/\/www.ulusiada.pt\/clima\/wp-json\/wp\/v2\/media?parent=1474"}],"curies":[{"name":"wp","href":"https:\/\/api.w.org\/{rel}","templated":true}]}}