{"id":1482,"date":"2012-07-09T13:34:58","date_gmt":"2012-07-09T13:34:58","guid":{"rendered":"http:\/\/www.ulusiada.pt\/clima\/?page_id=1482"},"modified":"2012-07-09T13:35:11","modified_gmt":"2012-07-09T13:35:11","slug":"lei-contra-usura","status":"publish","type":"page","link":"https:\/\/www.ulusiada.pt\/clima\/ius-proprium-leis-gerais\/d-afonso-iv\/lei-contra-usura\/","title":{"rendered":"Lei contra usura"},"content":{"rendered":"<p>Lei contra a usura, que pro\u00edbe os empr\u00e9stimos entre os crist\u00e3os e judeus.<\/p>\n","protected":false},"excerpt":{"rendered":"<p>Lei contra a usura, que pro\u00edbe os empr\u00e9stimos entre os crist\u00e3os e judeus.<\/p>\n","protected":false},"author":1,"featured_media":0,"parent":99,"menu_order":76,"comment_status":"closed","ping_status":"open","template":"lei-page.php","meta":[],"acf":[],"_links":{"self":[{"href":"https:\/\/www.ulusiada.pt\/clima\/wp-json\/wp\/v2\/pages\/1482"}],"collection":[{"href":"https:\/\/www.ulusiada.pt\/clima\/wp-json\/wp\/v2\/pages"}],"about":[{"href":"https:\/\/www.ulusiada.pt\/clima\/wp-json\/wp\/v2\/types\/page"}],"author":[{"embeddable":true,"href":"https:\/\/www.ulusiada.pt\/clima\/wp-json\/wp\/v2\/users\/1"}],"replies":[{"embeddable":true,"href":"https:\/\/www.ulusiada.pt\/clima\/wp-json\/wp\/v2\/comments?post=1482"}],"version-history":[{"count":3,"href":"https:\/\/www.ulusiada.pt\/clima\/wp-json\/wp\/v2\/pages\/1482\/revisions"}],"predecessor-version":[{"id":1484,"href":"https:\/\/www.ulusiada.pt\/clima\/wp-json\/wp\/v2\/pages\/1482\/revisions\/1484"}],"up":[{"embeddable":true,"href":"https:\/\/www.ulusiada.pt\/clima\/wp-json\/wp\/v2\/pages\/99"}],"wp:attachment":[{"href":"https:\/\/www.ulusiada.pt\/clima\/wp-json\/wp\/v2\/media?parent=1482"}],"curies":[{"name":"wp","href":"https:\/\/api.w.org\/{rel}","templated":true}]}}