{"id":1489,"date":"2012-07-09T13:46:19","date_gmt":"2012-07-09T13:46:19","guid":{"rendered":"http:\/\/www.ulusiada.pt\/clima\/?page_id=1489"},"modified":"2012-07-09T13:46:19","modified_gmt":"2012-07-09T13:46:19","slug":"lei-dos-advogados-e-procuradores","status":"publish","type":"page","link":"https:\/\/www.ulusiada.pt\/clima\/ius-proprium-leis-gerais\/d-afonso-iv\/lei-dos-advogados-e-procuradores\/","title":{"rendered":"Lei dos advogados e procuradores"},"content":{"rendered":"<p>Que os ju\u00edzes n\u00e3o d\u00eaem carta aos advogados e procuradores para citar por cobran\u00e7a de sal\u00e1rios, sem informa\u00e7\u00e3o.<\/p>\n","protected":false},"excerpt":{"rendered":"<p>Que os ju\u00edzes n\u00e3o d\u00eaem carta aos advogados e procuradores para citar por cobran\u00e7a de sal\u00e1rios, sem informa\u00e7\u00e3o.<\/p>\n","protected":false},"author":1,"featured_media":0,"parent":99,"menu_order":78,"comment_status":"closed","ping_status":"open","template":"lei-page.php","meta":[],"acf":[],"_links":{"self":[{"href":"https:\/\/www.ulusiada.pt\/clima\/wp-json\/wp\/v2\/pages\/1489"}],"collection":[{"href":"https:\/\/www.ulusiada.pt\/clima\/wp-json\/wp\/v2\/pages"}],"about":[{"href":"https:\/\/www.ulusiada.pt\/clima\/wp-json\/wp\/v2\/types\/page"}],"author":[{"embeddable":true,"href":"https:\/\/www.ulusiada.pt\/clima\/wp-json\/wp\/v2\/users\/1"}],"replies":[{"embeddable":true,"href":"https:\/\/www.ulusiada.pt\/clima\/wp-json\/wp\/v2\/comments?post=1489"}],"version-history":[{"count":1,"href":"https:\/\/www.ulusiada.pt\/clima\/wp-json\/wp\/v2\/pages\/1489\/revisions"}],"predecessor-version":[{"id":1490,"href":"https:\/\/www.ulusiada.pt\/clima\/wp-json\/wp\/v2\/pages\/1489\/revisions\/1490"}],"up":[{"embeddable":true,"href":"https:\/\/www.ulusiada.pt\/clima\/wp-json\/wp\/v2\/pages\/99"}],"wp:attachment":[{"href":"https:\/\/www.ulusiada.pt\/clima\/wp-json\/wp\/v2\/media?parent=1489"}],"curies":[{"name":"wp","href":"https:\/\/api.w.org\/{rel}","templated":true}]}}