{"id":1493,"date":"2012-07-09T14:34:37","date_gmt":"2012-07-09T14:34:37","guid":{"rendered":"http:\/\/www.ulusiada.pt\/clima\/?page_id=1493"},"modified":"2012-10-28T20:20:06","modified_gmt":"2012-10-28T20:20:06","slug":"lei-das-soldadas","status":"publish","type":"page","link":"https:\/\/www.ulusiada.pt\/clima\/ius-proprium-leis-gerais\/d-afonso-iv\/lei-das-soldadas\/","title":{"rendered":"Lei das soldadas"},"content":{"rendered":"<p>Lei das soldadas, impondo que n\u00e3o possam demandar soldadas, sen\u00e3o passados tr\u00eas anos; e regulando as rela\u00e7\u00f5es entre senhor e mancebo.<\/p>\n","protected":false},"excerpt":{"rendered":"<p>Lei das soldadas, impondo que n\u00e3o possam demandar soldadas, sen\u00e3o passados tr\u00eas anos; e regulando as rela\u00e7\u00f5es entre senhor e mancebo.<\/p>\n","protected":false},"author":1,"featured_media":0,"parent":99,"menu_order":79,"comment_status":"closed","ping_status":"open","template":"lei-page.php","meta":[],"acf":[],"_links":{"self":[{"href":"https:\/\/www.ulusiada.pt\/clima\/wp-json\/wp\/v2\/pages\/1493"}],"collection":[{"href":"https:\/\/www.ulusiada.pt\/clima\/wp-json\/wp\/v2\/pages"}],"about":[{"href":"https:\/\/www.ulusiada.pt\/clima\/wp-json\/wp\/v2\/types\/page"}],"author":[{"embeddable":true,"href":"https:\/\/www.ulusiada.pt\/clima\/wp-json\/wp\/v2\/users\/1"}],"replies":[{"embeddable":true,"href":"https:\/\/www.ulusiada.pt\/clima\/wp-json\/wp\/v2\/comments?post=1493"}],"version-history":[{"count":6,"href":"https:\/\/www.ulusiada.pt\/clima\/wp-json\/wp\/v2\/pages\/1493\/revisions"}],"predecessor-version":[{"id":1495,"href":"https:\/\/www.ulusiada.pt\/clima\/wp-json\/wp\/v2\/pages\/1493\/revisions\/1495"}],"up":[{"embeddable":true,"href":"https:\/\/www.ulusiada.pt\/clima\/wp-json\/wp\/v2\/pages\/99"}],"wp:attachment":[{"href":"https:\/\/www.ulusiada.pt\/clima\/wp-json\/wp\/v2\/media?parent=1493"}],"curies":[{"name":"wp","href":"https:\/\/api.w.org\/{rel}","templated":true}]}}