{"id":1497,"date":"2012-07-09T14:40:30","date_gmt":"2012-07-09T14:40:30","guid":{"rendered":"http:\/\/www.ulusiada.pt\/clima\/?page_id=1497"},"modified":"2012-07-09T14:40:30","modified_gmt":"2012-07-09T14:40:30","slug":"lei-dos-clerigos","status":"publish","type":"page","link":"https:\/\/www.ulusiada.pt\/clima\/ius-proprium-leis-gerais\/d-afonso-iv\/lei-dos-clerigos\/","title":{"rendered":"Lei dos cl\u00e9rigos"},"content":{"rendered":"<p>Lei\u00a0para que\u00a0os cl\u00e9rigos, casados ou de ordens menores, n\u00e3o tenham of\u00edcios p\u00fablicos em Lisboa.<\/p>\n","protected":false},"excerpt":{"rendered":"<p>Lei\u00a0para que\u00a0os cl\u00e9rigos, casados ou de ordens menores, n\u00e3o tenham of\u00edcios p\u00fablicos em Lisboa.<\/p>\n","protected":false},"author":1,"featured_media":0,"parent":99,"menu_order":80,"comment_status":"closed","ping_status":"open","template":"lei-page.php","meta":[],"acf":[],"_links":{"self":[{"href":"https:\/\/www.ulusiada.pt\/clima\/wp-json\/wp\/v2\/pages\/1497"}],"collection":[{"href":"https:\/\/www.ulusiada.pt\/clima\/wp-json\/wp\/v2\/pages"}],"about":[{"href":"https:\/\/www.ulusiada.pt\/clima\/wp-json\/wp\/v2\/types\/page"}],"author":[{"embeddable":true,"href":"https:\/\/www.ulusiada.pt\/clima\/wp-json\/wp\/v2\/users\/1"}],"replies":[{"embeddable":true,"href":"https:\/\/www.ulusiada.pt\/clima\/wp-json\/wp\/v2\/comments?post=1497"}],"version-history":[{"count":2,"href":"https:\/\/www.ulusiada.pt\/clima\/wp-json\/wp\/v2\/pages\/1497\/revisions"}],"predecessor-version":[{"id":1499,"href":"https:\/\/www.ulusiada.pt\/clima\/wp-json\/wp\/v2\/pages\/1497\/revisions\/1499"}],"up":[{"embeddable":true,"href":"https:\/\/www.ulusiada.pt\/clima\/wp-json\/wp\/v2\/pages\/99"}],"wp:attachment":[{"href":"https:\/\/www.ulusiada.pt\/clima\/wp-json\/wp\/v2\/media?parent=1497"}],"curies":[{"name":"wp","href":"https:\/\/api.w.org\/{rel}","templated":true}]}}