{"id":1509,"date":"2012-07-09T15:10:43","date_gmt":"2012-07-09T15:10:43","guid":{"rendered":"http:\/\/www.ulusiada.pt\/clima\/?page_id=1509"},"modified":"2012-07-09T15:58:30","modified_gmt":"2012-07-09T15:58:30","slug":"lei-administracao-da-justica","status":"publish","type":"page","link":"https:\/\/www.ulusiada.pt\/clima\/ius-proprium-leis-gerais\/d-afonso-iv\/lei-administracao-da-justica\/","title":{"rendered":"Lei administra\u00e7\u00e3o da justi\u00e7a"},"content":{"rendered":"<p>Lei sobre administra\u00e7\u00e3o da justi\u00e7a, que pro\u00edbe os advogados e procuradores na corte, nas audi\u00eancias e nos concelhos.<\/p>\n","protected":false},"excerpt":{"rendered":"<p>Lei sobre administra\u00e7\u00e3o da justi\u00e7a, que pro\u00edbe os advogados e procuradores na corte, nas audi\u00eancias e nos concelhos.<\/p>\n","protected":false},"author":1,"featured_media":0,"parent":99,"menu_order":84,"comment_status":"closed","ping_status":"open","template":"lei-page.php","meta":[],"acf":[],"_links":{"self":[{"href":"https:\/\/www.ulusiada.pt\/clima\/wp-json\/wp\/v2\/pages\/1509"}],"collection":[{"href":"https:\/\/www.ulusiada.pt\/clima\/wp-json\/wp\/v2\/pages"}],"about":[{"href":"https:\/\/www.ulusiada.pt\/clima\/wp-json\/wp\/v2\/types\/page"}],"author":[{"embeddable":true,"href":"https:\/\/www.ulusiada.pt\/clima\/wp-json\/wp\/v2\/users\/1"}],"replies":[{"embeddable":true,"href":"https:\/\/www.ulusiada.pt\/clima\/wp-json\/wp\/v2\/comments?post=1509"}],"version-history":[{"count":4,"href":"https:\/\/www.ulusiada.pt\/clima\/wp-json\/wp\/v2\/pages\/1509\/revisions"}],"predecessor-version":[{"id":1511,"href":"https:\/\/www.ulusiada.pt\/clima\/wp-json\/wp\/v2\/pages\/1509\/revisions\/1511"}],"up":[{"embeddable":true,"href":"https:\/\/www.ulusiada.pt\/clima\/wp-json\/wp\/v2\/pages\/99"}],"wp:attachment":[{"href":"https:\/\/www.ulusiada.pt\/clima\/wp-json\/wp\/v2\/media?parent=1509"}],"curies":[{"name":"wp","href":"https:\/\/api.w.org\/{rel}","templated":true}]}}