{"id":1513,"date":"2012-07-09T15:27:33","date_gmt":"2012-07-09T15:27:33","guid":{"rendered":"http:\/\/www.ulusiada.pt\/clima\/?page_id=1513"},"modified":"2012-08-31T10:42:38","modified_gmt":"2012-08-31T10:42:38","slug":"lei-tributos-dos-judeus","status":"publish","type":"page","link":"https:\/\/www.ulusiada.pt\/clima\/ius-proprium-leis-gerais\/d-afonso-iv\/lei-tributos-dos-judeus\/","title":{"rendered":"Lei tributos dos judeus"},"content":{"rendered":"<p>Lei que estabelece como as comunas dos judeus h\u00e3o-de pagar o servi\u00e7o r\u00e9gio.<\/p>\n","protected":false},"excerpt":{"rendered":"<p>Lei que estabelece como as comunas dos judeus h\u00e3o-de pagar o servi\u00e7o r\u00e9gio.<\/p>\n","protected":false},"author":1,"featured_media":0,"parent":99,"menu_order":85,"comment_status":"closed","ping_status":"open","template":"lei-page.php","meta":[],"acf":[],"_links":{"self":[{"href":"https:\/\/www.ulusiada.pt\/clima\/wp-json\/wp\/v2\/pages\/1513"}],"collection":[{"href":"https:\/\/www.ulusiada.pt\/clima\/wp-json\/wp\/v2\/pages"}],"about":[{"href":"https:\/\/www.ulusiada.pt\/clima\/wp-json\/wp\/v2\/types\/page"}],"author":[{"embeddable":true,"href":"https:\/\/www.ulusiada.pt\/clima\/wp-json\/wp\/v2\/users\/1"}],"replies":[{"embeddable":true,"href":"https:\/\/www.ulusiada.pt\/clima\/wp-json\/wp\/v2\/comments?post=1513"}],"version-history":[{"count":6,"href":"https:\/\/www.ulusiada.pt\/clima\/wp-json\/wp\/v2\/pages\/1513\/revisions"}],"predecessor-version":[{"id":1515,"href":"https:\/\/www.ulusiada.pt\/clima\/wp-json\/wp\/v2\/pages\/1513\/revisions\/1515"}],"up":[{"embeddable":true,"href":"https:\/\/www.ulusiada.pt\/clima\/wp-json\/wp\/v2\/pages\/99"}],"wp:attachment":[{"href":"https:\/\/www.ulusiada.pt\/clima\/wp-json\/wp\/v2\/media?parent=1513"}],"curies":[{"name":"wp","href":"https:\/\/api.w.org\/{rel}","templated":true}]}}