{"id":1529,"date":"2012-07-09T16:35:43","date_gmt":"2012-07-09T16:35:43","guid":{"rendered":"http:\/\/www.ulusiada.pt\/clima\/?page_id=1529"},"modified":"2012-08-31T10:44:52","modified_gmt":"2012-08-31T10:44:52","slug":"lei-dos-judeus","status":"publish","type":"page","link":"https:\/\/www.ulusiada.pt\/clima\/ius-proprium-leis-gerais\/d-afonso-iv\/lei-dos-judeus\/","title":{"rendered":"Lei dos judeus"},"content":{"rendered":"<p>Provis\u00e3o para que, n\u00e3o obstante a proibi\u00e7\u00e3o de sair do reino, sem autoriza\u00e7\u00e3o r\u00e9gia, imposta a qualquer judeu possuidor de quinhentas libras ou mais (<strong><a title=\"http:\/\/www.ulusiada.pt\/clima\/ius-proprium-leis-gerais\/d-afonso-iv\/lei-tributos-dos-judeus\/?preview=true&amp;preview_id=1513&amp;preview_nonce=af0c6d026f\" href=\"http:\/\/www.ulusiada.pt\/clima\/ius-proprium-leis-gerais\/d-afonso-iv\/lei-tributos-dos-judeus\/?preview=true&amp;preview_id=1513&amp;preview_nonce=af0c6d026f\" target=\"_blank\">1352-11-15 &#8211; Valada<\/a><\/strong>), o possam fazer sem essa autoriza\u00e7\u00e3o, desde que apresentem fiador abonado que garanta a sua volta.<\/p>\n","protected":false},"excerpt":{"rendered":"<p>Provis\u00e3o para que, n\u00e3o obstante a proibi\u00e7\u00e3o de sair do reino, sem autoriza\u00e7\u00e3o r\u00e9gia, imposta a qualquer judeu possuidor de quinhentas libras ou mais (1352-11-15 &#8211; Valada), o possam fazer sem essa autoriza\u00e7\u00e3o, desde que apresentem fiador abonado que garanta &hellip; <a href=\"https:\/\/www.ulusiada.pt\/clima\/ius-proprium-leis-gerais\/d-afonso-iv\/lei-dos-judeus\/\">Continuar a ler <span class=\"meta-nav\">&rarr;<\/span><\/a><\/p>\n","protected":false},"author":1,"featured_media":0,"parent":99,"menu_order":87,"comment_status":"closed","ping_status":"open","template":"lei-page.php","meta":[],"acf":[],"_links":{"self":[{"href":"https:\/\/www.ulusiada.pt\/clima\/wp-json\/wp\/v2\/pages\/1529"}],"collection":[{"href":"https:\/\/www.ulusiada.pt\/clima\/wp-json\/wp\/v2\/pages"}],"about":[{"href":"https:\/\/www.ulusiada.pt\/clima\/wp-json\/wp\/v2\/types\/page"}],"author":[{"embeddable":true,"href":"https:\/\/www.ulusiada.pt\/clima\/wp-json\/wp\/v2\/users\/1"}],"replies":[{"embeddable":true,"href":"https:\/\/www.ulusiada.pt\/clima\/wp-json\/wp\/v2\/comments?post=1529"}],"version-history":[{"count":6,"href":"https:\/\/www.ulusiada.pt\/clima\/wp-json\/wp\/v2\/pages\/1529\/revisions"}],"predecessor-version":[{"id":1531,"href":"https:\/\/www.ulusiada.pt\/clima\/wp-json\/wp\/v2\/pages\/1529\/revisions\/1531"}],"up":[{"embeddable":true,"href":"https:\/\/www.ulusiada.pt\/clima\/wp-json\/wp\/v2\/pages\/99"}],"wp:attachment":[{"href":"https:\/\/www.ulusiada.pt\/clima\/wp-json\/wp\/v2\/media?parent=1529"}],"curies":[{"name":"wp","href":"https:\/\/api.w.org\/{rel}","templated":true}]}}