{"id":1533,"date":"2012-07-09T16:58:03","date_gmt":"2012-07-09T16:58:03","guid":{"rendered":"http:\/\/www.ulusiada.pt\/clima\/?page_id=1533"},"modified":"2012-11-01T19:09:57","modified_gmt":"2012-11-01T19:09:57","slug":"lei-das-injurias","status":"publish","type":"page","link":"https:\/\/www.ulusiada.pt\/clima\/ius-proprium-leis-gerais\/d-afonso-iv\/lei-das-injurias\/","title":{"rendered":"Lei das inj\u00farias"},"content":{"rendered":"<p>Lei que estabelece como as justi\u00e7as h\u00e3o-de proceder nos furtos e outros crimes, nomeadamente, que as inj\u00farias sejam dirimidas em concelho.<\/p>\n","protected":false},"excerpt":{"rendered":"<p>Lei que estabelece como as justi\u00e7as h\u00e3o-de proceder nos furtos e outros crimes, nomeadamente, que as inj\u00farias sejam dirimidas em concelho.<\/p>\n","protected":false},"author":1,"featured_media":0,"parent":99,"menu_order":88,"comment_status":"closed","ping_status":"open","template":"lei-page.php","meta":[],"acf":[],"_links":{"self":[{"href":"https:\/\/www.ulusiada.pt\/clima\/wp-json\/wp\/v2\/pages\/1533"}],"collection":[{"href":"https:\/\/www.ulusiada.pt\/clima\/wp-json\/wp\/v2\/pages"}],"about":[{"href":"https:\/\/www.ulusiada.pt\/clima\/wp-json\/wp\/v2\/types\/page"}],"author":[{"embeddable":true,"href":"https:\/\/www.ulusiada.pt\/clima\/wp-json\/wp\/v2\/users\/1"}],"replies":[{"embeddable":true,"href":"https:\/\/www.ulusiada.pt\/clima\/wp-json\/wp\/v2\/comments?post=1533"}],"version-history":[{"count":5,"href":"https:\/\/www.ulusiada.pt\/clima\/wp-json\/wp\/v2\/pages\/1533\/revisions"}],"predecessor-version":[{"id":1535,"href":"https:\/\/www.ulusiada.pt\/clima\/wp-json\/wp\/v2\/pages\/1533\/revisions\/1535"}],"up":[{"embeddable":true,"href":"https:\/\/www.ulusiada.pt\/clima\/wp-json\/wp\/v2\/pages\/99"}],"wp:attachment":[{"href":"https:\/\/www.ulusiada.pt\/clima\/wp-json\/wp\/v2\/media?parent=1533"}],"curies":[{"name":"wp","href":"https:\/\/api.w.org\/{rel}","templated":true}]}}