{"id":1540,"date":"2012-07-09T17:22:16","date_gmt":"2012-07-09T17:22:16","guid":{"rendered":"http:\/\/www.ulusiada.pt\/clima\/?page_id=1540"},"modified":"2012-07-09T17:23:27","modified_gmt":"2012-07-09T17:23:27","slug":"lei-fretamento-naus","status":"publish","type":"page","link":"https:\/\/www.ulusiada.pt\/clima\/ius-proprium-leis-gerais\/d-afonso-iv\/lei-fretamento-naus\/","title":{"rendered":"Lei fretamento naus"},"content":{"rendered":"<p>Lei acerca do fretamento dos navios, confirmando e alterando o estatuto de 25 de Mar\u00e7o de 1324. Determina el-rei que os quatro homens-bons, escolhidos para fretadores e carregadores das ditas naus, sejam eleitos perante o seu escriv\u00e3o e almoxarife, convocados previamente os homens-bons por preg\u00e3o; que d\u00eaem parte, tanto aos mercadores do Porto como aos de fora, igualmente, e segundo os haveres que cada um deles tiver para carregar; que nenhum mercador possa revender a parte que nas naus lhe couber para carregar, sem ter raz\u00e3o para n\u00e3o carregar e que n\u00e3o vendam a referida parte por mais do que a houveram, tudo sob certas penas. Penas cominadas aos fretadores que n\u00e3o observarem igualdade na divis\u00e3o das cargas e aos mesteres das naus que consintam aos mercadores meter nelas mais haveres do que lhes foram assinados pelos fretadores.<\/p>\n","protected":false},"excerpt":{"rendered":"<p>Lei acerca do fretamento dos navios, confirmando e alterando o estatuto de 25 de Mar\u00e7o de 1324. Determina el-rei que os quatro homens-bons, escolhidos para fretadores e carregadores das ditas naus, sejam eleitos perante o seu escriv\u00e3o e almoxarife, convocados &hellip; <a href=\"https:\/\/www.ulusiada.pt\/clima\/ius-proprium-leis-gerais\/d-afonso-iv\/lei-fretamento-naus\/\">Continuar a ler <span class=\"meta-nav\">&rarr;<\/span><\/a><\/p>\n","protected":false},"author":1,"featured_media":0,"parent":99,"menu_order":90,"comment_status":"closed","ping_status":"open","template":"lei-page.php","meta":[],"acf":[],"_links":{"self":[{"href":"https:\/\/www.ulusiada.pt\/clima\/wp-json\/wp\/v2\/pages\/1540"}],"collection":[{"href":"https:\/\/www.ulusiada.pt\/clima\/wp-json\/wp\/v2\/pages"}],"about":[{"href":"https:\/\/www.ulusiada.pt\/clima\/wp-json\/wp\/v2\/types\/page"}],"author":[{"embeddable":true,"href":"https:\/\/www.ulusiada.pt\/clima\/wp-json\/wp\/v2\/users\/1"}],"replies":[{"embeddable":true,"href":"https:\/\/www.ulusiada.pt\/clima\/wp-json\/wp\/v2\/comments?post=1540"}],"version-history":[{"count":4,"href":"https:\/\/www.ulusiada.pt\/clima\/wp-json\/wp\/v2\/pages\/1540\/revisions"}],"predecessor-version":[{"id":1542,"href":"https:\/\/www.ulusiada.pt\/clima\/wp-json\/wp\/v2\/pages\/1540\/revisions\/1542"}],"up":[{"embeddable":true,"href":"https:\/\/www.ulusiada.pt\/clima\/wp-json\/wp\/v2\/pages\/99"}],"wp:attachment":[{"href":"https:\/\/www.ulusiada.pt\/clima\/wp-json\/wp\/v2\/media?parent=1540"}],"curies":[{"name":"wp","href":"https:\/\/api.w.org\/{rel}","templated":true}]}}