{"id":1549,"date":"2012-07-10T16:29:27","date_gmt":"2012-07-10T16:29:27","guid":{"rendered":"http:\/\/www.ulusiada.pt\/clima\/?page_id=1549"},"modified":"2012-07-10T16:29:56","modified_gmt":"2012-07-10T16:29:56","slug":"lei-do-almoxarifes","status":"publish","type":"page","link":"https:\/\/www.ulusiada.pt\/clima\/ius-proprium-leis-gerais\/d-afonso-iv\/lei-do-almoxarifes\/","title":{"rendered":"Lei do almoxarifes"},"content":{"rendered":"<p>Que os escriv\u00e3es dos tesoureiros e almoxarifados fa\u00e7am instrumentos p\u00fablicos dos direitos que os almoxarifes tiverem.<\/p>\n","protected":false},"excerpt":{"rendered":"<p>Que os escriv\u00e3es dos tesoureiros e almoxarifados fa\u00e7am instrumentos p\u00fablicos dos direitos que os almoxarifes tiverem.<\/p>\n","protected":false},"author":1,"featured_media":0,"parent":99,"menu_order":93,"comment_status":"closed","ping_status":"open","template":"lei-page.php","meta":[],"acf":[],"_links":{"self":[{"href":"https:\/\/www.ulusiada.pt\/clima\/wp-json\/wp\/v2\/pages\/1549"}],"collection":[{"href":"https:\/\/www.ulusiada.pt\/clima\/wp-json\/wp\/v2\/pages"}],"about":[{"href":"https:\/\/www.ulusiada.pt\/clima\/wp-json\/wp\/v2\/types\/page"}],"author":[{"embeddable":true,"href":"https:\/\/www.ulusiada.pt\/clima\/wp-json\/wp\/v2\/users\/1"}],"replies":[{"embeddable":true,"href":"https:\/\/www.ulusiada.pt\/clima\/wp-json\/wp\/v2\/comments?post=1549"}],"version-history":[{"count":4,"href":"https:\/\/www.ulusiada.pt\/clima\/wp-json\/wp\/v2\/pages\/1549\/revisions"}],"predecessor-version":[{"id":1551,"href":"https:\/\/www.ulusiada.pt\/clima\/wp-json\/wp\/v2\/pages\/1549\/revisions\/1551"}],"up":[{"embeddable":true,"href":"https:\/\/www.ulusiada.pt\/clima\/wp-json\/wp\/v2\/pages\/99"}],"wp:attachment":[{"href":"https:\/\/www.ulusiada.pt\/clima\/wp-json\/wp\/v2\/media?parent=1549"}],"curies":[{"name":"wp","href":"https:\/\/api.w.org\/{rel}","templated":true}]}}