{"id":1555,"date":"2012-07-10T16:42:25","date_gmt":"2012-07-10T16:42:25","guid":{"rendered":"http:\/\/www.ulusiada.pt\/clima\/?page_id=1555"},"modified":"2012-07-10T16:47:13","modified_gmt":"2012-07-10T16:47:13","slug":"regimento-das-audiencias","status":"publish","type":"page","link":"https:\/\/www.ulusiada.pt\/clima\/ius-proprium-leis-gerais\/d-afonso-iv\/regimento-das-audiencias\/","title":{"rendered":"Regimento das audi\u00eancias"},"content":{"rendered":"<p>Regimento das audi\u00eancias dos sobreju\u00edzes e ouvidores.<\/p>\n","protected":false},"excerpt":{"rendered":"<p>Regimento das audi\u00eancias dos sobreju\u00edzes e ouvidores.<\/p>\n","protected":false},"author":1,"featured_media":0,"parent":99,"menu_order":91,"comment_status":"closed","ping_status":"open","template":"lei-page.php","meta":[],"acf":[],"_links":{"self":[{"href":"https:\/\/www.ulusiada.pt\/clima\/wp-json\/wp\/v2\/pages\/1555"}],"collection":[{"href":"https:\/\/www.ulusiada.pt\/clima\/wp-json\/wp\/v2\/pages"}],"about":[{"href":"https:\/\/www.ulusiada.pt\/clima\/wp-json\/wp\/v2\/types\/page"}],"author":[{"embeddable":true,"href":"https:\/\/www.ulusiada.pt\/clima\/wp-json\/wp\/v2\/users\/1"}],"replies":[{"embeddable":true,"href":"https:\/\/www.ulusiada.pt\/clima\/wp-json\/wp\/v2\/comments?post=1555"}],"version-history":[{"count":3,"href":"https:\/\/www.ulusiada.pt\/clima\/wp-json\/wp\/v2\/pages\/1555\/revisions"}],"predecessor-version":[{"id":1557,"href":"https:\/\/www.ulusiada.pt\/clima\/wp-json\/wp\/v2\/pages\/1555\/revisions\/1557"}],"up":[{"embeddable":true,"href":"https:\/\/www.ulusiada.pt\/clima\/wp-json\/wp\/v2\/pages\/99"}],"wp:attachment":[{"href":"https:\/\/www.ulusiada.pt\/clima\/wp-json\/wp\/v2\/media?parent=1555"}],"curies":[{"name":"wp","href":"https:\/\/api.w.org\/{rel}","templated":true}]}}