{"id":1568,"date":"2012-07-10T17:38:03","date_gmt":"2012-07-10T17:38:03","guid":{"rendered":"http:\/\/www.ulusiada.pt\/clima\/?page_id=1568"},"modified":"2012-07-10T17:39:54","modified_gmt":"2012-07-10T17:39:54","slug":"lei-da-usura-4","status":"publish","type":"page","link":"https:\/\/www.ulusiada.pt\/clima\/ius-proprium-leis-gerais\/d-afonso-iv\/lei-da-usura-4\/","title":{"rendered":"Lei da usura"},"content":{"rendered":"<p>Lei que clarifica lei anterior sobre a usura dos judeus e contratos entre eles e crist\u00e3os; se o crist\u00e3o fez obriga\u00e7\u00e3o ao judeu por dinheiro, possa dizer, passados dois anos, que os n\u00e3o recebeu.<\/p>\n","protected":false},"excerpt":{"rendered":"<p>Lei que clarifica lei anterior sobre a usura dos judeus e contratos entre eles e crist\u00e3os; se o crist\u00e3o fez obriga\u00e7\u00e3o ao judeu por dinheiro, possa dizer, passados dois anos, que os n\u00e3o recebeu.<\/p>\n","protected":false},"author":1,"featured_media":0,"parent":99,"menu_order":96,"comment_status":"closed","ping_status":"open","template":"lei-page.php","meta":[],"acf":[],"_links":{"self":[{"href":"https:\/\/www.ulusiada.pt\/clima\/wp-json\/wp\/v2\/pages\/1568"}],"collection":[{"href":"https:\/\/www.ulusiada.pt\/clima\/wp-json\/wp\/v2\/pages"}],"about":[{"href":"https:\/\/www.ulusiada.pt\/clima\/wp-json\/wp\/v2\/types\/page"}],"author":[{"embeddable":true,"href":"https:\/\/www.ulusiada.pt\/clima\/wp-json\/wp\/v2\/users\/1"}],"replies":[{"embeddable":true,"href":"https:\/\/www.ulusiada.pt\/clima\/wp-json\/wp\/v2\/comments?post=1568"}],"version-history":[{"count":3,"href":"https:\/\/www.ulusiada.pt\/clima\/wp-json\/wp\/v2\/pages\/1568\/revisions"}],"predecessor-version":[{"id":1570,"href":"https:\/\/www.ulusiada.pt\/clima\/wp-json\/wp\/v2\/pages\/1568\/revisions\/1570"}],"up":[{"embeddable":true,"href":"https:\/\/www.ulusiada.pt\/clima\/wp-json\/wp\/v2\/pages\/99"}],"wp:attachment":[{"href":"https:\/\/www.ulusiada.pt\/clima\/wp-json\/wp\/v2\/media?parent=1568"}],"curies":[{"name":"wp","href":"https:\/\/api.w.org\/{rel}","templated":true}]}}