{"id":1594,"date":"2012-07-11T09:37:19","date_gmt":"2012-07-11T09:37:19","guid":{"rendered":"http:\/\/www.ulusiada.pt\/clima\/?page_id=1594"},"modified":"2013-08-07T14:30:49","modified_gmt":"2013-08-07T14:30:49","slug":"reinado-desconhecido","status":"publish","type":"page","link":"https:\/\/www.ulusiada.pt\/clima\/ius-proprium-leis-gerais\/reinado-desconhecido\/","title":{"rendered":"Reinado desconhecido"},"content":{"rendered":"<p>Leis para as quais se torna dif\u00edcil adjudicar um reinado exclusivo, <em>v. g.:<\/em><\/p>\n<p style=\"padding-left: 60px;\"><strong>(i)<\/strong> por falta de qualquer data ou indica\u00e7\u00e3o do monarca outorgante;<br \/>\n<strong>(ii)<\/strong> por diverg\u00eancias de data\u00e7\u00e3o, nas suas fontes documentais;<br \/>\n<strong>(iii)<\/strong> por discrep\u00e2ncias quanto ao monarca outorgante, quando existam mais do que uma fonte documental;<br \/>\n<strong>(iv)<\/strong> por an\u00e1lise cr\u00edtica ao seu conte\u00fado intr\u00ednseco.<\/p>\n","protected":false},"excerpt":{"rendered":"<p>Leis para as quais se torna dif\u00edcil adjudicar um reinado exclusivo, v. g.: (i) por falta de qualquer data ou indica\u00e7\u00e3o do monarca outorgante; (ii) por diverg\u00eancias de data\u00e7\u00e3o, nas suas fontes documentais; (iii) por discrep\u00e2ncias quanto ao monarca outorgante, &hellip; <a href=\"https:\/\/www.ulusiada.pt\/clima\/ius-proprium-leis-gerais\/reinado-desconhecido\/\">Continuar a ler <span class=\"meta-nav\">&rarr;<\/span><\/a><\/p>\n","protected":false},"author":1,"featured_media":0,"parent":63,"menu_order":16,"comment_status":"closed","ping_status":"closed","template":"rei-page.php","meta":[],"acf":[],"_links":{"self":[{"href":"https:\/\/www.ulusiada.pt\/clima\/wp-json\/wp\/v2\/pages\/1594"}],"collection":[{"href":"https:\/\/www.ulusiada.pt\/clima\/wp-json\/wp\/v2\/pages"}],"about":[{"href":"https:\/\/www.ulusiada.pt\/clima\/wp-json\/wp\/v2\/types\/page"}],"author":[{"embeddable":true,"href":"https:\/\/www.ulusiada.pt\/clima\/wp-json\/wp\/v2\/users\/1"}],"replies":[{"embeddable":true,"href":"https:\/\/www.ulusiada.pt\/clima\/wp-json\/wp\/v2\/comments?post=1594"}],"version-history":[{"count":10,"href":"https:\/\/www.ulusiada.pt\/clima\/wp-json\/wp\/v2\/pages\/1594\/revisions"}],"predecessor-version":[{"id":3805,"href":"https:\/\/www.ulusiada.pt\/clima\/wp-json\/wp\/v2\/pages\/1594\/revisions\/3805"}],"up":[{"embeddable":true,"href":"https:\/\/www.ulusiada.pt\/clima\/wp-json\/wp\/v2\/pages\/63"}],"wp:attachment":[{"href":"https:\/\/www.ulusiada.pt\/clima\/wp-json\/wp\/v2\/media?parent=1594"}],"curies":[{"name":"wp","href":"https:\/\/api.w.org\/{rel}","templated":true}]}}