{"id":1606,"date":"2012-07-11T10:52:19","date_gmt":"2012-07-11T10:52:19","guid":{"rendered":"http:\/\/www.ulusiada.pt\/clima\/?page_id=1606"},"modified":"2012-07-11T11:18:41","modified_gmt":"2012-07-11T11:18:41","slug":"regimento-dos-almotaces","status":"publish","type":"page","link":"https:\/\/www.ulusiada.pt\/clima\/ius-proprium-leis-gerais\/d-afonso-iv\/regimento-dos-almotaces\/","title":{"rendered":"Regimento dos almotac\u00e9s"},"content":{"rendered":"<p>Regimento do of\u00edcio dos almotac\u00e9s.<\/p>\n","protected":false},"excerpt":{"rendered":"<p>Regimento do of\u00edcio dos almotac\u00e9s.<\/p>\n","protected":false},"author":1,"featured_media":0,"parent":99,"menu_order":105,"comment_status":"closed","ping_status":"open","template":"lei-page.php","meta":[],"acf":[],"_links":{"self":[{"href":"https:\/\/www.ulusiada.pt\/clima\/wp-json\/wp\/v2\/pages\/1606"}],"collection":[{"href":"https:\/\/www.ulusiada.pt\/clima\/wp-json\/wp\/v2\/pages"}],"about":[{"href":"https:\/\/www.ulusiada.pt\/clima\/wp-json\/wp\/v2\/types\/page"}],"author":[{"embeddable":true,"href":"https:\/\/www.ulusiada.pt\/clima\/wp-json\/wp\/v2\/users\/1"}],"replies":[{"embeddable":true,"href":"https:\/\/www.ulusiada.pt\/clima\/wp-json\/wp\/v2\/comments?post=1606"}],"version-history":[{"count":5,"href":"https:\/\/www.ulusiada.pt\/clima\/wp-json\/wp\/v2\/pages\/1606\/revisions"}],"predecessor-version":[{"id":1608,"href":"https:\/\/www.ulusiada.pt\/clima\/wp-json\/wp\/v2\/pages\/1606\/revisions\/1608"}],"up":[{"embeddable":true,"href":"https:\/\/www.ulusiada.pt\/clima\/wp-json\/wp\/v2\/pages\/99"}],"wp:attachment":[{"href":"https:\/\/www.ulusiada.pt\/clima\/wp-json\/wp\/v2\/media?parent=1606"}],"curies":[{"name":"wp","href":"https:\/\/api.w.org\/{rel}","templated":true}]}}