{"id":1631,"date":"2012-07-11T16:31:23","date_gmt":"2012-07-11T16:31:23","guid":{"rendered":"http:\/\/www.ulusiada.pt\/clima\/?page_id=1631"},"modified":"2012-07-11T16:31:40","modified_gmt":"2012-07-11T16:31:40","slug":"lei-das-apelacoes-2","status":"publish","type":"page","link":"https:\/\/www.ulusiada.pt\/clima\/ius-proprium-leis-gerais\/d-afonso-iv\/lei-das-apelacoes-2\/","title":{"rendered":"Lei das apela\u00e7\u00f5es"},"content":{"rendered":"<p>Lei que estabelece a obriga\u00e7\u00e3o dos ju\u00edzes apelarem de senten\u00e7as definitivas ainda que as partes o n\u00e3o fa\u00e7am.<\/p>\n","protected":false},"excerpt":{"rendered":"<p>Lei que estabelece a obriga\u00e7\u00e3o dos ju\u00edzes apelarem de senten\u00e7as definitivas ainda que as partes o n\u00e3o fa\u00e7am.<\/p>\n","protected":false},"author":1,"featured_media":0,"parent":99,"menu_order":111,"comment_status":"closed","ping_status":"open","template":"lei-page.php","meta":[],"acf":[],"_links":{"self":[{"href":"https:\/\/www.ulusiada.pt\/clima\/wp-json\/wp\/v2\/pages\/1631"}],"collection":[{"href":"https:\/\/www.ulusiada.pt\/clima\/wp-json\/wp\/v2\/pages"}],"about":[{"href":"https:\/\/www.ulusiada.pt\/clima\/wp-json\/wp\/v2\/types\/page"}],"author":[{"embeddable":true,"href":"https:\/\/www.ulusiada.pt\/clima\/wp-json\/wp\/v2\/users\/1"}],"replies":[{"embeddable":true,"href":"https:\/\/www.ulusiada.pt\/clima\/wp-json\/wp\/v2\/comments?post=1631"}],"version-history":[{"count":3,"href":"https:\/\/www.ulusiada.pt\/clima\/wp-json\/wp\/v2\/pages\/1631\/revisions"}],"predecessor-version":[{"id":1633,"href":"https:\/\/www.ulusiada.pt\/clima\/wp-json\/wp\/v2\/pages\/1631\/revisions\/1633"}],"up":[{"embeddable":true,"href":"https:\/\/www.ulusiada.pt\/clima\/wp-json\/wp\/v2\/pages\/99"}],"wp:attachment":[{"href":"https:\/\/www.ulusiada.pt\/clima\/wp-json\/wp\/v2\/media?parent=1631"}],"curies":[{"name":"wp","href":"https:\/\/api.w.org\/{rel}","templated":true}]}}