{"id":1642,"date":"2012-07-11T18:23:20","date_gmt":"2012-07-11T18:23:20","guid":{"rendered":"http:\/\/www.ulusiada.pt\/clima\/?page_id=1642"},"modified":"2012-07-11T18:23:20","modified_gmt":"2012-07-11T18:23:20","slug":"lei-dos-tabaliaes","status":"publish","type":"page","link":"https:\/\/www.ulusiada.pt\/clima\/ius-proprium-leis-gerais\/d-afonso-iv\/lei-dos-tabaliaes\/","title":{"rendered":"Lei dos tabali\u00e3es"},"content":{"rendered":"<p>Lei dos tabeli\u00e3es, que n\u00e3o devem exercer advogacia e como devem dar e fazer as escrituras.<\/p>\n","protected":false},"excerpt":{"rendered":"<p>Lei dos tabeli\u00e3es, que n\u00e3o devem exercer advogacia e como devem dar e fazer as escrituras.<\/p>\n","protected":false},"author":1,"featured_media":0,"parent":99,"menu_order":114,"comment_status":"closed","ping_status":"open","template":"lei-page.php","meta":[],"acf":[],"_links":{"self":[{"href":"https:\/\/www.ulusiada.pt\/clima\/wp-json\/wp\/v2\/pages\/1642"}],"collection":[{"href":"https:\/\/www.ulusiada.pt\/clima\/wp-json\/wp\/v2\/pages"}],"about":[{"href":"https:\/\/www.ulusiada.pt\/clima\/wp-json\/wp\/v2\/types\/page"}],"author":[{"embeddable":true,"href":"https:\/\/www.ulusiada.pt\/clima\/wp-json\/wp\/v2\/users\/1"}],"replies":[{"embeddable":true,"href":"https:\/\/www.ulusiada.pt\/clima\/wp-json\/wp\/v2\/comments?post=1642"}],"version-history":[{"count":2,"href":"https:\/\/www.ulusiada.pt\/clima\/wp-json\/wp\/v2\/pages\/1642\/revisions"}],"predecessor-version":[{"id":1644,"href":"https:\/\/www.ulusiada.pt\/clima\/wp-json\/wp\/v2\/pages\/1642\/revisions\/1644"}],"up":[{"embeddable":true,"href":"https:\/\/www.ulusiada.pt\/clima\/wp-json\/wp\/v2\/pages\/99"}],"wp:attachment":[{"href":"https:\/\/www.ulusiada.pt\/clima\/wp-json\/wp\/v2\/media?parent=1642"}],"curies":[{"name":"wp","href":"https:\/\/api.w.org\/{rel}","templated":true}]}}