{"id":1669,"date":"2012-07-12T09:19:34","date_gmt":"2012-07-12T09:19:34","guid":{"rendered":"http:\/\/www.ulusiada.pt\/clima\/?page_id=1669"},"modified":"2012-07-12T09:19:56","modified_gmt":"2012-07-12T09:19:56","slug":"lei-dos-dinheiros","status":"publish","type":"page","link":"https:\/\/www.ulusiada.pt\/clima\/ius-proprium-leis-gerais\/d-afonso-iv\/lei-dos-dinheiros\/","title":{"rendered":"Lei dos dinheiros"},"content":{"rendered":"<p>Lei sobre a disposi\u00e7\u00e3o de dinheiros auferidos por venda de bens m\u00f3veis e de raiz.<\/p>\n","protected":false},"excerpt":{"rendered":"<p>Lei sobre a disposi\u00e7\u00e3o de dinheiros auferidos por venda de bens m\u00f3veis e de raiz.<\/p>\n","protected":false},"author":1,"featured_media":0,"parent":99,"menu_order":30,"comment_status":"closed","ping_status":"open","template":"lei-page.php","meta":[],"acf":[],"_links":{"self":[{"href":"https:\/\/www.ulusiada.pt\/clima\/wp-json\/wp\/v2\/pages\/1669"}],"collection":[{"href":"https:\/\/www.ulusiada.pt\/clima\/wp-json\/wp\/v2\/pages"}],"about":[{"href":"https:\/\/www.ulusiada.pt\/clima\/wp-json\/wp\/v2\/types\/page"}],"author":[{"embeddable":true,"href":"https:\/\/www.ulusiada.pt\/clima\/wp-json\/wp\/v2\/users\/1"}],"replies":[{"embeddable":true,"href":"https:\/\/www.ulusiada.pt\/clima\/wp-json\/wp\/v2\/comments?post=1669"}],"version-history":[{"count":3,"href":"https:\/\/www.ulusiada.pt\/clima\/wp-json\/wp\/v2\/pages\/1669\/revisions"}],"predecessor-version":[{"id":1671,"href":"https:\/\/www.ulusiada.pt\/clima\/wp-json\/wp\/v2\/pages\/1669\/revisions\/1671"}],"up":[{"embeddable":true,"href":"https:\/\/www.ulusiada.pt\/clima\/wp-json\/wp\/v2\/pages\/99"}],"wp:attachment":[{"href":"https:\/\/www.ulusiada.pt\/clima\/wp-json\/wp\/v2\/media?parent=1669"}],"curies":[{"name":"wp","href":"https:\/\/api.w.org\/{rel}","templated":true}]}}