{"id":1675,"date":"2012-07-12T09:41:23","date_gmt":"2012-07-12T09:41:23","guid":{"rendered":"http:\/\/www.ulusiada.pt\/clima\/?page_id=1675"},"modified":"2012-07-12T13:49:38","modified_gmt":"2012-07-12T13:49:38","slug":"lei-das-custas-2","status":"publish","type":"page","link":"https:\/\/www.ulusiada.pt\/clima\/ius-proprium-leis-gerais\/d-afonso-iv\/lei-das-custas-2\/","title":{"rendered":"Lei das custas"},"content":{"rendered":"<p>Lei sobre aqueles que propuserem demanda ou excep\u00e7\u00e3o contra outrem paguem as custas em tresdobro se n\u00e3o provarem a demanda.<\/p>\n","protected":false},"excerpt":{"rendered":"<p>Lei sobre aqueles que propuserem demanda ou excep\u00e7\u00e3o contra outrem paguem as custas em tresdobro se n\u00e3o provarem a demanda.<\/p>\n","protected":false},"author":1,"featured_media":0,"parent":99,"menu_order":121,"comment_status":"closed","ping_status":"open","template":"lei-page.php","meta":[],"acf":[],"_links":{"self":[{"href":"https:\/\/www.ulusiada.pt\/clima\/wp-json\/wp\/v2\/pages\/1675"}],"collection":[{"href":"https:\/\/www.ulusiada.pt\/clima\/wp-json\/wp\/v2\/pages"}],"about":[{"href":"https:\/\/www.ulusiada.pt\/clima\/wp-json\/wp\/v2\/types\/page"}],"author":[{"embeddable":true,"href":"https:\/\/www.ulusiada.pt\/clima\/wp-json\/wp\/v2\/users\/1"}],"replies":[{"embeddable":true,"href":"https:\/\/www.ulusiada.pt\/clima\/wp-json\/wp\/v2\/comments?post=1675"}],"version-history":[{"count":3,"href":"https:\/\/www.ulusiada.pt\/clima\/wp-json\/wp\/v2\/pages\/1675\/revisions"}],"predecessor-version":[{"id":1677,"href":"https:\/\/www.ulusiada.pt\/clima\/wp-json\/wp\/v2\/pages\/1675\/revisions\/1677"}],"up":[{"embeddable":true,"href":"https:\/\/www.ulusiada.pt\/clima\/wp-json\/wp\/v2\/pages\/99"}],"wp:attachment":[{"href":"https:\/\/www.ulusiada.pt\/clima\/wp-json\/wp\/v2\/media?parent=1675"}],"curies":[{"name":"wp","href":"https:\/\/api.w.org\/{rel}","templated":true}]}}